{"id":546,"date":"2025-09-15T12:23:34","date_gmt":"2025-09-15T12:23:34","guid":{"rendered":"https:\/\/institutduseinajaccien.com\/?page_id=546"},"modified":"2025-09-15T16:23:06","modified_gmt":"2025-09-15T16:23:06","slug":"politique-des-cookies","status":"publish","type":"page","link":"https:\/\/institutduseinajaccien.com\/index.php\/politique-des-cookies\/","title":{"rendered":"Politique des cookies"},"content":{"rendered":"\n<h2 class=\"wp-block-heading\">Introduction<\/h2>\n\n\n\n<p>Lors de votre navigation sur notre site \u00ab\u00a0<strong>www.institutduseinajaccien.com<\/strong>\u00ab\u00a0, des cookies peuvent \u00eatre d\u00e9pos\u00e9s sur votre appareil (ordinateur, smartphone, tablette). Cette page vous permet de mieux comprendre ce que sont les cookies, \u00e0 quoi ils servent et comment vous pouvez g\u00e9rer vos pr\u00e9f\u00e9rences.<\/p>\n\n\n\n<h2 class=\"wp-block-heading\">Qu&rsquo;est-ce qu&rsquo;un cookie ?<\/h2>\n\n\n\n<p>Un cookie est un petit fichier texte enregistr\u00e9 sur votre terminal (ordinateur, smartphone, etc.) lorsque vous visitez un site web. Ils permettent au site de reconna\u00eetre votre appareil et de m\u00e9moriser certaines informations sur vos pr\u00e9f\u00e9rences ou vos actions pass\u00e9es.<\/p>\n\n\n\n<h2 class=\"wp-block-heading\">Quels cookies utilisons-nous ?<\/h2>\n\n\n\n<h3 class=\"wp-block-heading\">Cookies strictement n\u00e9cessaires<\/h3>\n\n\n\n<p>Ces cookies sont indispensables au fonctionnement du site. Sans eux, certaines fonctionnalit\u00e9s (connexion, s\u00e9curit\u00e9\u2026) ne peuvent pas fonctionner correctement.<\/p>\n\n\n\n<h3 class=\"wp-block-heading\">Cookies de mesure d\u2019audience (soumis \u00e0 consentement)<\/h3>\n\n\n\n<p>Nous utilisons ces cookies pour analyser la fr\u00e9quentation de notre site (ex. : pages visit\u00e9es, temps pass\u00e9, origine du trafic). Ces donn\u00e9es nous permettent d\u2019am\u00e9liorer la qualit\u00e9 de nos contenus.<\/p>\n\n\n\n<h3 class=\"wp-block-heading\">Cookies publicitaires et r\u00e9seaux sociaux (soumis \u00e0 consentement)<\/h3>\n\n\n\n<p>Ces cookies sont d\u00e9pos\u00e9s par des partenaires tiers pour afficher des publicit\u00e9s personnalis\u00e9es ou vous permettre de partager du contenu sur les r\u00e9seaux sociaux.<\/p>\n\n\n\n<h2 class=\"wp-block-heading\">Dur\u00e9e de conservation des cookies<\/h2>\n\n\n\n<p>Les cookies sont conserv\u00e9s pour une dur\u00e9e maximale de <strong>13 mois<\/strong> apr\u00e8s leur d\u00e9p\u00f4t sur votre terminal. \u00c0 l\u2019expiration de ce d\u00e9lai, votre consentement sera \u00e0 nouveau demand\u00e9.<\/p>\n\n\n\n<h2 class=\"wp-block-heading\">Gestion de vos choix<\/h2>\n\n\n\n<p>Lors de votre premi\u00e8re visite, une banni\u00e8re s\u2019affiche pour vous proposer d\u2019accepter ou de refuser les cookies non essentiels. Vous pouvez \u00e9galement \u00e0 tout moment :<\/p>\n\n\n\n<ul class=\"wp-block-list\">\n<li>Modifier vos pr\u00e9f\u00e9rences via la banni\u00e8re de gestion des cookies lors de la premi\u00e8res connexion au site, ou via le bouton \u00ab\u00a0G\u00e9rer les cookies\u00a0\u00bb pr\u00e9sent en bas de page du site internet.<\/li>\n\n\n\n<li>Supprimer les cookies enregistr\u00e9s en configurant les param\u00e8tres de votre navigateur (Chrome, Firefox, Safari, Edge\u2026).<\/li>\n<\/ul>\n\n\n\n<h2 class=\"wp-block-heading\">Vos droits<\/h2>\n\n\n\n<p>Conform\u00e9ment au R\u00e8glement G\u00e9n\u00e9ral sur la Protection des Donn\u00e9es (RGPD), vous disposez d\u2019un droit d\u2019acc\u00e8s, de rectification, d\u2019opposition et de suppression de vos donn\u00e9es personnelles.<br>Pour exercer vos droits, vous pouvez nous contacter aux coordonn\u00e9es pr\u00e9sentes sur cette <strong><a href=\"https:\/\/institutduseinajaccien.com\/index.php\/contact\/\" data-type=\"page\" data-id=\"59\">page de contact<\/a><\/strong>.<\/p>\n\n\n\n<h2 class=\"wp-block-heading\">Contact<\/h2>\n\n\n\n<p>Pour toute question concernant l\u2019utilisation des cookies sur notre site, vous pouvez nous \u00e9crire via notre <strong><a href=\"https:\/\/institutduseinajaccien.com\/index.php\/contact\/\" data-type=\"page\" data-id=\"59\">page de contact<\/a><\/strong>.<\/p>\n\n\n\n<p><\/p>\n","protected":false},"excerpt":{"rendered":"<p>Introduction Lors de votre navigation sur notre site \u00ab\u00a0www.institutduseinajaccien.com\u00ab\u00a0, des cookies peuvent \u00eatre d\u00e9pos\u00e9s sur votre appareil (ordinateur, smartphone, tablette). Cette page vous permet de mieux comprendre ce que sont les cookies, \u00e0 quoi ils servent et comment vous pouvez g\u00e9rer vos pr\u00e9f\u00e9rences. Qu&rsquo;est-ce qu&rsquo;un cookie ? Un cookie est un petit fichier texte enregistr\u00e9 [&hellip;]<\/p>\n","protected":false},"author":2,"featured_media":0,"parent":0,"menu_order":0,"comment_status":"closed","ping_status":"closed","template":"","meta":{"footnotes":""},"class_list":["post-546","page","type-page","status-publish","hentry"],"_links":{"self":[{"href":"https:\/\/institutduseinajaccien.com\/index.php\/wp-json\/wp\/v2\/pages\/546","targetHints":{"allow":["GET"]}}],"collection":[{"href":"https:\/\/institutduseinajaccien.com\/index.php\/wp-json\/wp\/v2\/pages"}],"about":[{"href":"https:\/\/institutduseinajaccien.com\/index.php\/wp-json\/wp\/v2\/types\/page"}],"author":[{"embeddable":true,"href":"https:\/\/institutduseinajaccien.com\/index.php\/wp-json\/wp\/v2\/users\/2"}],"replies":[{"embeddable":true,"href":"https:\/\/institutduseinajaccien.com\/index.php\/wp-json\/wp\/v2\/comments?post=546"}],"version-history":[{"count":8,"href":"https:\/\/institutduseinajaccien.com\/index.php\/wp-json\/wp\/v2\/pages\/546\/revisions"}],"predecessor-version":[{"id":562,"href":"https:\/\/institutduseinajaccien.com\/index.php\/wp-json\/wp\/v2\/pages\/546\/revisions\/562"}],"wp:attachment":[{"href":"https:\/\/institutduseinajaccien.com\/index.php\/wp-json\/wp\/v2\/media?parent=546"}],"curies":[{"name":"wp","href":"https:\/\/api.w.org\/{rel}","templated":true}]}}