{"id":533,"date":"2025-09-15T10:25:16","date_gmt":"2025-09-15T10:25:16","guid":{"rendered":"https:\/\/institutduseinajaccien.com\/?page_id=533"},"modified":"2025-09-15T10:25:52","modified_gmt":"2025-09-15T10:25:52","slug":"le-cancer-de-lovaire","status":"publish","type":"page","link":"https:\/\/institutduseinajaccien.com\/index.php\/les-cancers-pelviens\/le-cancer-de-lovaire\/","title":{"rendered":"Le Cancer de l\u2019ovaire"},"content":{"rendered":"\n<p>Le cancer de l\u2019ovaire est une maladie rare mais grave. En France, on compte environ 5 000 nouveaux cas par an, ce qui en fait le 8\u1d49 cancer f\u00e9minin le plus fr\u00e9quent. Il touche surtout les femmes apr\u00e8s la m\u00e9nopause, avec un \u00e2ge moyen au diagnostic autour de 65 ans.<\/p>\n\n\n\n<p><strong>Diagnostic<\/strong><\/p>\n\n\n\n<p>Le diagnostic du cancer de l\u2019ovaire est souvent difficile, car les sympt\u00f4mes sont peu sp\u00e9cifiques (ballonnements, douleurs abdominales, troubles digestifs ou urinaires).<br>Le diagnostic repose sur :<\/p>\n\n\n\n<ul class=\"wp-block-list\">\n<li>un examen clinique,<\/li>\n\n\n\n<li>une \u00e9chographie pelvienne,<\/li>\n\n\n\n<li>une IRM pelvienne<\/li>\n\n\n\n<li>un scanner TAP<\/li>\n\n\n\n<li>une analyse histologique (ponction de liquide d\u2019ascite, biopsie de carcinose par coelioscopie, autres pr\u00e9l\u00e8vements en fonction des atteintes).<\/li>\n<\/ul>\n\n\n\n<p><strong>Traitements<\/strong><\/p>\n\n\n\n<p>Le traitement associe g\u00e9n\u00e9ralement :<\/p>\n\n\n\n<ul class=\"wp-block-list\">\n<li>La chirurgie, qui consiste \u00e0 enlever les ovaires et, selon l\u2019extension, d\u2019autres organes voisins.<\/li>\n\n\n\n<li>La chimioth\u00e9rapie, administr\u00e9e avant ou apr\u00e8s l\u2019op\u00e9ration,<\/li>\n\n\n\n<li>Dans certains cas, des th\u00e9rapies cibl\u00e9es ou des traitements innovants peuvent \u00eatre propos\u00e9s, en fonction du profil de la tumeur et des ant\u00e9c\u00e9dents familiaux.<\/li>\n<\/ul>\n\n\n\n<p><em>Ces traitements sont pris en charge \u00e0 Ajaccio. Les dossiers sont toutefois discut\u00e9s en RCP sp\u00e9cialis\u00e9e pour permettre, entre autres, l\u2019inclusion des patientes dans des essais th\u00e9rapeutiques. Vous pourriez alors b\u00e9n\u00e9ficier d\u2019un m\u00e9dicament innovant ou d\u2019une strat\u00e9gie th\u00e9rapeutique qui n\u2019est pas encore disponible en dehors de l\u2019essai.<\/em><\/p>\n","protected":false},"excerpt":{"rendered":"<p>Le cancer de l\u2019ovaire est une maladie rare mais grave. En France, on compte environ 5 000 nouveaux cas par an, ce qui en fait le 8\u1d49 cancer f\u00e9minin le plus fr\u00e9quent. Il touche surtout les femmes apr\u00e8s la m\u00e9nopause, avec un \u00e2ge moyen au diagnostic autour de 65 ans. Diagnostic Le diagnostic du cancer [&hellip;]<\/p>\n","protected":false},"author":2,"featured_media":0,"parent":527,"menu_order":0,"comment_status":"closed","ping_status":"closed","template":"","meta":{"footnotes":""},"class_list":["post-533","page","type-page","status-publish","hentry"],"_links":{"self":[{"href":"https:\/\/institutduseinajaccien.com\/index.php\/wp-json\/wp\/v2\/pages\/533","targetHints":{"allow":["GET"]}}],"collection":[{"href":"https:\/\/institutduseinajaccien.com\/index.php\/wp-json\/wp\/v2\/pages"}],"about":[{"href":"https:\/\/institutduseinajaccien.com\/index.php\/wp-json\/wp\/v2\/types\/page"}],"author":[{"embeddable":true,"href":"https:\/\/institutduseinajaccien.com\/index.php\/wp-json\/wp\/v2\/users\/2"}],"replies":[{"embeddable":true,"href":"https:\/\/institutduseinajaccien.com\/index.php\/wp-json\/wp\/v2\/comments?post=533"}],"version-history":[{"count":1,"href":"https:\/\/institutduseinajaccien.com\/index.php\/wp-json\/wp\/v2\/pages\/533\/revisions"}],"predecessor-version":[{"id":534,"href":"https:\/\/institutduseinajaccien.com\/index.php\/wp-json\/wp\/v2\/pages\/533\/revisions\/534"}],"up":[{"embeddable":true,"href":"https:\/\/institutduseinajaccien.com\/index.php\/wp-json\/wp\/v2\/pages\/527"}],"wp:attachment":[{"href":"https:\/\/institutduseinajaccien.com\/index.php\/wp-json\/wp\/v2\/media?parent=533"}],"curies":[{"name":"wp","href":"https:\/\/api.w.org\/{rel}","templated":true}]}}