{"id":531,"date":"2025-09-15T10:24:39","date_gmt":"2025-09-15T10:24:39","guid":{"rendered":"https:\/\/institutduseinajaccien.com\/?page_id=531"},"modified":"2025-09-15T10:26:39","modified_gmt":"2025-09-15T10:26:39","slug":"le-cancer-du-col-uterin","status":"publish","type":"page","link":"https:\/\/institutduseinajaccien.com\/index.php\/les-cancers-pelviens\/le-cancer-du-col-uterin\/","title":{"rendered":"Le Cancer du col ut\u00e9rin"},"content":{"rendered":"\n<p>Le cancer du col de l\u2019ut\u00e9rus touche chaque ann\u00e9e environ 3 000 femmes en France, et cause pr\u00e8s de 1 000 d\u00e9c\u00e8s. Gr\u00e2ce au d\u00e9pistage et \u00e0 la vaccination contre le papillomavirus (HPV), il est aujourd\u2019hui de mieux en mieux pr\u00e9venu et pris en charge.<\/p>\n\n\n\n<p><strong>Diagnostic et d\u00e9pistage<\/strong><\/p>\n\n\n\n<p>Le cancer du col se d\u00e9veloppe lentement, souvent \u00e0 partir de l\u00e9sions pr\u00e9canc\u00e9reuses li\u00e9es \u00e0 une infection persistante par certains HPV.<\/p>\n\n\n\n<p>Un d\u00e9pistage r\u00e9gulier par frottis ou test HPV est recommand\u00e9 chez les femmes de 25 \u00e0 65 ans.<\/p>\n\n\n\n<p>Le d\u00e9pistage permet de d\u00e9tecter t\u00f4t les anomalies, bien avant l\u2019apparition de sympt\u00f4mes.<\/p>\n\n\n\n<p>Le signe d\u2019alerte le plus courant est un saignement vaginal anormal, souvent provoqu\u00e9. Dans ce contexte, une consultation m\u00e9dicale rapide est essentielle. Le diagnostic repose sur :<\/p>\n\n\n\n<ul class=\"wp-block-list\">\n<li>un examen clinique et une \u00e9chographie pelvienne,<\/li>\n\n\n\n<li>une biopsie du col ut\u00e9rin<\/li>\n<\/ul>\n\n\n\n<p>En cas de diagnostic de cancer du col ut\u00e9rin, des examens d\u2019imagerie sont r\u00e9alis\u00e9s pour \u00e9valuer l\u2019extension de la maladie&nbsp;:<\/p>\n\n\n\n<ul class=\"wp-block-list\">\n<li>IRM pelvienne&nbsp;pour l\u2019extension loco r\u00e9gionale<\/li>\n\n\n\n<li>Scanner thoraco abdomino pelvien ou au TEP Scan pour l\u2019extension \u00e0 distance<\/li>\n<\/ul>\n\n\n\n<p><strong>Prise en charge et traitements<\/strong><\/p>\n\n\n\n<p>Le traitement d\u00e9pend du stade de la maladie :<\/p>\n\n\n\n<ul class=\"wp-block-list\">\n<li>Pour les formes d\u00e9butantes : chirurgie du col ou de l\u2019ut\u00e9rus.<\/li>\n\n\n\n<li>Pour les stades plus avanc\u00e9s : association de radioth\u00e9rapie, curieth\u00e9rapie, chimioth\u00e9rapie et parfois chirurgie.<\/li>\n\n\n\n<li>La prise en charge est toujours adapt\u00e9e au cas de chaque patiente, en tenant compte de son \u00e2ge, de son \u00e9tat de sant\u00e9 et de ses projets de vie.<\/li>\n<\/ul>\n\n\n\n<p><em>Seule la curieth\u00e9rapie n\u2019est pas r\u00e9alis\u00e9e \u00e0 Ajaccio. Vous serez alors adress\u00e9e \u00e0 l\u2019Institut Paoli Calmettes \u00e0 Marseille (une Convention a \u00e9t\u00e9 sign\u00e9e entre le CHA et l\u2019IPC).<\/em><\/p>\n","protected":false},"excerpt":{"rendered":"<p>Le cancer du col de l\u2019ut\u00e9rus touche chaque ann\u00e9e environ 3 000 femmes en France, et cause pr\u00e8s de 1 000 d\u00e9c\u00e8s. Gr\u00e2ce au d\u00e9pistage et \u00e0 la vaccination contre le papillomavirus (HPV), il est aujourd\u2019hui de mieux en mieux pr\u00e9venu et pris en charge. Diagnostic et d\u00e9pistage Le cancer du col se d\u00e9veloppe lentement, [&hellip;]<\/p>\n","protected":false},"author":2,"featured_media":0,"parent":527,"menu_order":0,"comment_status":"closed","ping_status":"closed","template":"","meta":{"footnotes":""},"class_list":["post-531","page","type-page","status-publish","hentry"],"_links":{"self":[{"href":"https:\/\/institutduseinajaccien.com\/index.php\/wp-json\/wp\/v2\/pages\/531","targetHints":{"allow":["GET"]}}],"collection":[{"href":"https:\/\/institutduseinajaccien.com\/index.php\/wp-json\/wp\/v2\/pages"}],"about":[{"href":"https:\/\/institutduseinajaccien.com\/index.php\/wp-json\/wp\/v2\/types\/page"}],"author":[{"embeddable":true,"href":"https:\/\/institutduseinajaccien.com\/index.php\/wp-json\/wp\/v2\/users\/2"}],"replies":[{"embeddable":true,"href":"https:\/\/institutduseinajaccien.com\/index.php\/wp-json\/wp\/v2\/comments?post=531"}],"version-history":[{"count":1,"href":"https:\/\/institutduseinajaccien.com\/index.php\/wp-json\/wp\/v2\/pages\/531\/revisions"}],"predecessor-version":[{"id":532,"href":"https:\/\/institutduseinajaccien.com\/index.php\/wp-json\/wp\/v2\/pages\/531\/revisions\/532"}],"up":[{"embeddable":true,"href":"https:\/\/institutduseinajaccien.com\/index.php\/wp-json\/wp\/v2\/pages\/527"}],"wp:attachment":[{"href":"https:\/\/institutduseinajaccien.com\/index.php\/wp-json\/wp\/v2\/media?parent=531"}],"curies":[{"name":"wp","href":"https:\/\/api.w.org\/{rel}","templated":true}]}}