{"id":529,"date":"2025-09-15T10:23:55","date_gmt":"2025-09-15T10:23:55","guid":{"rendered":"https:\/\/institutduseinajaccien.com\/?page_id=529"},"modified":"2025-09-15T10:26:57","modified_gmt":"2025-09-15T10:26:57","slug":"le-cancer-de-lendometre","status":"publish","type":"page","link":"https:\/\/institutduseinajaccien.com\/index.php\/les-cancers-pelviens\/le-cancer-de-lendometre\/","title":{"rendered":"Le Cancer de l\u2019endom\u00e8tre"},"content":{"rendered":"\n<p>Le cancer de l\u2019endom\u00e8tre est le cancer gyn\u00e9cologique le plus fr\u00e9quent en France. On estime qu\u2019environ 8 000 nouveaux cas sont diagnostiqu\u00e9s chaque ann\u00e9e, principalement chez les femmes apr\u00e8s la m\u00e9nopause. L\u2019\u00e2ge moyen au diagnostic est d\u2019environ 68 ans.<\/p>\n\n\n\n<p><strong>Diagnostic<\/strong><\/p>\n\n\n\n<p>Le signe d\u2019alerte le plus courant est un saignement vaginal anormal apr\u00e8s la m\u00e9nopause, aussi appel\u00e9 m\u00e9trorragies post m\u00e9nopausiques. Dans ce contexte, une consultation m\u00e9dicale rapide est essentielle. Le diagnostic repose sur :<\/p>\n\n\n\n<ul class=\"wp-block-list\">\n<li>un examen clinique et une \u00e9chographie pelvienne,<\/li>\n\n\n\n<li>une biopsie de l\u2019endom\u00e8tre lors de l\u2019examen clinique (pr\u00e9l\u00e8vement de tissu de la muqueuse ut\u00e9rine),<\/li>\n\n\n\n<li>parfois une hyst\u00e9roscopie sous anesth\u00e9sie locale ou g\u00e9n\u00e9rale (examen visuel de l\u2019int\u00e9rieur de l\u2019ut\u00e9rus).<\/li>\n<\/ul>\n\n\n\n<p>En cas de diagnostic de cancer, des examens d\u2019imagerie sont r\u00e9alis\u00e9s pour \u00e9valuer l\u2019extension de la maladie&nbsp;:<\/p>\n\n\n\n<ul class=\"wp-block-list\">\n<li>IRM pelvienne&nbsp;pour l\u2019extension loco r\u00e9gionale<\/li>\n\n\n\n<li>Scanner thoraco abdomino pelvien ou au TEP Scan pour l\u2019extension \u00e0 distance<\/li>\n<\/ul>\n\n\n\n<p><strong>Traitement<\/strong><\/p>\n\n\n\n<p>Le traitement d\u00e9pend du stade de la maladie et des caract\u00e9ristiques de la tumeur, mais repose le plus souvent sur la chirurgie : hyst\u00e9rectomie totale (ablation de l\u2019ut\u00e9rus, des trompes et des ovaires) souvent associ\u00e9e \u00e0 l\u2019ablation des ganglions sentinelles pelviens ou de l\u2019ablation des chaines ganglionnaires pelviennes. La voie mini invasive (coelioscopie) est privil\u00e9gi\u00e9e. Cette intervention est r\u00e9alis\u00e9e le plus souvent \u00e0 l\u2019aide du robot chirurgical.<br>Dans certains cas, une radioth\u00e9rapie, une curieth\u00e9rapie, une chimioth\u00e9rapie ou un traitement hormonal peuvent compl\u00e9ter la chirurgie.<\/p>\n\n\n\n<p><em>Seule la curieth\u00e9rapie n\u2019est pas r\u00e9alis\u00e9e \u00e0 Ajaccio. Vous serez a<\/em><\/p>\n","protected":false},"excerpt":{"rendered":"<p>Le cancer de l\u2019endom\u00e8tre est le cancer gyn\u00e9cologique le plus fr\u00e9quent en France. On estime qu\u2019environ 8 000 nouveaux cas sont diagnostiqu\u00e9s chaque ann\u00e9e, principalement chez les femmes apr\u00e8s la m\u00e9nopause. L\u2019\u00e2ge moyen au diagnostic est d\u2019environ 68 ans. Diagnostic Le signe d\u2019alerte le plus courant est un saignement vaginal anormal apr\u00e8s la m\u00e9nopause, aussi [&hellip;]<\/p>\n","protected":false},"author":2,"featured_media":0,"parent":527,"menu_order":0,"comment_status":"closed","ping_status":"closed","template":"","meta":{"footnotes":""},"class_list":["post-529","page","type-page","status-publish","hentry"],"_links":{"self":[{"href":"https:\/\/institutduseinajaccien.com\/index.php\/wp-json\/wp\/v2\/pages\/529","targetHints":{"allow":["GET"]}}],"collection":[{"href":"https:\/\/institutduseinajaccien.com\/index.php\/wp-json\/wp\/v2\/pages"}],"about":[{"href":"https:\/\/institutduseinajaccien.com\/index.php\/wp-json\/wp\/v2\/types\/page"}],"author":[{"embeddable":true,"href":"https:\/\/institutduseinajaccien.com\/index.php\/wp-json\/wp\/v2\/users\/2"}],"replies":[{"embeddable":true,"href":"https:\/\/institutduseinajaccien.com\/index.php\/wp-json\/wp\/v2\/comments?post=529"}],"version-history":[{"count":1,"href":"https:\/\/institutduseinajaccien.com\/index.php\/wp-json\/wp\/v2\/pages\/529\/revisions"}],"predecessor-version":[{"id":530,"href":"https:\/\/institutduseinajaccien.com\/index.php\/wp-json\/wp\/v2\/pages\/529\/revisions\/530"}],"up":[{"embeddable":true,"href":"https:\/\/institutduseinajaccien.com\/index.php\/wp-json\/wp\/v2\/pages\/527"}],"wp:attachment":[{"href":"https:\/\/institutduseinajaccien.com\/index.php\/wp-json\/wp\/v2\/media?parent=529"}],"curies":[{"name":"wp","href":"https:\/\/api.w.org\/{rel}","templated":true}]}}