{"id":516,"date":"2025-09-15T09:49:39","date_gmt":"2025-09-15T09:49:39","guid":{"rendered":"https:\/\/institutduseinajaccien.com\/?page_id=516"},"modified":"2025-09-15T09:50:46","modified_gmt":"2025-09-15T09:50:46","slug":"uniq","status":"publish","type":"page","link":"https:\/\/institutduseinajaccien.com\/index.php\/uniq\/","title":{"rendered":"UniQ"},"content":{"rendered":"\n<p class=\"has-text-align-center\"><strong>L\u2019ISA met \u00e0 disposition des patientes et des professionnels de sant\u00e9 la plateforme collaborative UniQ<\/strong>.<\/p>\n\n\n<div class=\"wp-block-image\">\n<figure class=\"aligncenter size-full\"><a href=\"https:\/\/uniq-healthcare.com\/\"><img loading=\"lazy\" decoding=\"async\" width=\"526\" height=\"381\" src=\"https:\/\/institutduseinajaccien.com\/wp-content\/uploads\/2025\/09\/Image_Connexion_UniQ.png\" alt=\"\" class=\"wp-image-517\" srcset=\"https:\/\/institutduseinajaccien.com\/wp-content\/uploads\/2025\/09\/Image_Connexion_UniQ.png 526w, https:\/\/institutduseinajaccien.com\/wp-content\/uploads\/2025\/09\/Image_Connexion_UniQ-300x217.png 300w\" sizes=\"auto, (max-width: 526px) 100vw, 526px\" \/><\/a><\/figure>\n<\/div>\n\n\n<p class=\"has-text-align-center\"><strong>Pour les patientes&nbsp;:<\/strong>&nbsp;Une application simple d\u2019utilisation, pour r\u00e9pondre \u00e0 des questionnaires, consulter de l\u2019information v\u00e9rifi\u00e9e sur votre pathologie et communiquer de mani\u00e8re s\u00e9curis\u00e9e avec vos coordinatrices de parcours.<\/p>\n\n\n\n<p class=\"has-text-align-center\"><em>Accessible sur ordinateur, smartphone ou tablette<\/em><\/p>\n\n\n\n<p class=\"has-text-align-center\"><strong>Pour les professionnels&nbsp;:<\/strong>&nbsp;Un outil certifi\u00e9 HDS, permettant la coordination du parcours de soins des patientes et un partage d\u2019informations s\u00e9curis\u00e9 entre les professionnels de sant\u00e9.<\/p>\n\n\n\n<p class=\"has-text-align-center\">Contactez les coordinatrices de parcours pour demander votre acc\u00e8s&nbsp;:&nbsp;<a href=\"https:\/\/institutduseinajaccien.com\/index.php\/contact\/\" target=\"_blank\" rel=\"noreferrer noopener\">Contact<\/a><\/p>\n\n\n\n<p class=\"has-text-align-center\">UniQ est d\u00e9velopp\u00e9 par la soci\u00e9t\u00e9&nbsp;<a href=\"https:\/\/www.moveinmed.com\/\" target=\"_blank\" rel=\"noreferrer noopener\">Move In Med<\/a><\/p>\n\n\n\n<p><\/p>\n","protected":false},"excerpt":{"rendered":"<p>L\u2019ISA met \u00e0 disposition des patientes et des professionnels de sant\u00e9 la plateforme collaborative UniQ. Pour les patientes&nbsp;:&nbsp;Une application simple d\u2019utilisation, pour r\u00e9pondre \u00e0 des questionnaires, consulter de l\u2019information v\u00e9rifi\u00e9e sur votre pathologie et communiquer de mani\u00e8re s\u00e9curis\u00e9e avec vos coordinatrices de parcours. Accessible sur ordinateur, smartphone ou tablette Pour les professionnels&nbsp;:&nbsp;Un outil certifi\u00e9 HDS, [&hellip;]<\/p>\n","protected":false},"author":2,"featured_media":0,"parent":0,"menu_order":0,"comment_status":"closed","ping_status":"closed","template":"","meta":{"footnotes":""},"class_list":["post-516","page","type-page","status-publish","hentry"],"_links":{"self":[{"href":"https:\/\/institutduseinajaccien.com\/index.php\/wp-json\/wp\/v2\/pages\/516","targetHints":{"allow":["GET"]}}],"collection":[{"href":"https:\/\/institutduseinajaccien.com\/index.php\/wp-json\/wp\/v2\/pages"}],"about":[{"href":"https:\/\/institutduseinajaccien.com\/index.php\/wp-json\/wp\/v2\/types\/page"}],"author":[{"embeddable":true,"href":"https:\/\/institutduseinajaccien.com\/index.php\/wp-json\/wp\/v2\/users\/2"}],"replies":[{"embeddable":true,"href":"https:\/\/institutduseinajaccien.com\/index.php\/wp-json\/wp\/v2\/comments?post=516"}],"version-history":[{"count":2,"href":"https:\/\/institutduseinajaccien.com\/index.php\/wp-json\/wp\/v2\/pages\/516\/revisions"}],"predecessor-version":[{"id":519,"href":"https:\/\/institutduseinajaccien.com\/index.php\/wp-json\/wp\/v2\/pages\/516\/revisions\/519"}],"wp:attachment":[{"href":"https:\/\/institutduseinajaccien.com\/index.php\/wp-json\/wp\/v2\/media?parent=516"}],"curies":[{"name":"wp","href":"https:\/\/api.w.org\/{rel}","templated":true}]}}