{"id":31,"date":"2025-08-23T15:21:57","date_gmt":"2025-08-23T13:21:57","guid":{"rendered":"http:\/\/localhost\/ISA\/?page_id=31"},"modified":"2025-08-23T15:21:57","modified_gmt":"2025-08-23T13:21:57","slug":"parcours-de-soin","status":"publish","type":"page","link":"https:\/\/institutduseinajaccien.com\/index.php\/parcours-de-soin\/","title":{"rendered":"Parcours de soin"},"content":{"rendered":"\n<p>Le traitement du cancer du sein est compos\u00e9 de diff\u00e9rentes \u00e9tapes et font intervenir de multiples professionnels de sant\u00e9.<\/p>\n\n\n\n<p>Quelles sont ces \u00e9tapes ? Qui sont les professionnels et acteurs de sant\u00e9 qui peuvent \u00eatre mobilis\u00e9s ?<\/p>\n\n\n\n<p>L&rsquo;ISA vous aide \u00e0 y voir plus clair.<\/p>\n\n\n\n<hr class=\"wp-block-separator has-alpha-channel-opacity\"\/>\n\n\n\n<div class=\"wp-block-columns alignwide has-text-color has-background is-layout-flex wp-container-core-columns-is-layout-9d6595d7 wp-block-columns-is-layout-flex\" style=\"color:#000000;background-color:#ffffff\">\n<div class=\"wp-block-column is-vertically-aligned-top is-layout-flow wp-block-column-is-layout-flow\">\n<h3 class=\"wp-block-heading has-text-align-center\" style=\"font-size:24px;line-height:1.3\"><strong><a href=\"https:\/\/institutduseinajaccien.com\/index.php\/parcours-de-soin\/diagnostic\/\" data-type=\"page\" data-id=\"33\">Diagnostic \u2197<\/a><\/strong><\/h3>\n\n\n\n<hr class=\"wp-block-separator has-alpha-channel-opacity\"\/>\n\n\n\n<p class=\"has-text-align-center\"><a href=\"https:\/\/institutduseinajaccien.com\/index.php\/parcours-de-soin\/diagnostic\/la-mammographie\/\" data-type=\"page\" data-id=\"254\">La mammographie<\/a><\/p>\n\n\n\n<p class=\"has-text-align-center\"><a href=\"https:\/\/institutduseinajaccien.com\/index.php\/parcours-de-soin\/diagnostic\/lechographie-mammaire\/\" data-type=\"page\" data-id=\"256\">L\u2019\u00e9chographie mammaire<\/a><\/p>\n\n\n\n<p class=\"has-text-align-center\"><a href=\"http:\/\/localhost\/ISA\/parcours-de-soin\/diagnostic\/lirm-mammaire\/\" data-type=\"page\" data-id=\"267\">L\u2019IRM mammaire<\/a><\/p>\n\n\n\n<p class=\"has-text-align-center\"><a href=\"https:\/\/institutduseinajaccien.com\/index.php\/parcours-de-soin\/diagnostic\/la-biopsie-mammaire\/\" data-type=\"page\" data-id=\"271\">La biopsie mammaire<\/a><\/p>\n\n\n\n<p class=\"has-text-align-center\"><a href=\"https:\/\/institutduseinajaccien.com\/index.php\/parcours-de-soin\/diagnostic\/le-bilan-dextension\/\" data-type=\"page\" data-id=\"273\">Le Bilan d\u2019extension<\/a><\/p>\n\n\n\n<p class=\"has-text-align-center\"><a href=\"https:\/\/institutduseinajaccien.com\/index.php\/parcours-de-soin\/diagnostic\/le-bilan-dextension\/\" data-type=\"page\" data-id=\"273\">Le TEP Scanner<\/a><\/p>\n\n\n\n<p class=\"has-text-align-center\"><a href=\"https:\/\/institutduseinajaccien.com\/index.php\/parcours-de-soin\/diagnostic\/le-bilan-dextension\/\" data-type=\"page\" data-id=\"273\">Le Scanner thoraco-abdomino-pelvien<\/a><\/p>\n\n\n\n<p class=\"has-text-align-center\"><a href=\"https:\/\/institutduseinajaccien.com\/index.php\/parcours-de-soin\/diagnostic\/le-bilan-dextension\/\" data-type=\"page\" data-id=\"273\">La scintigraphie osseuse<\/a><\/p>\n<\/div>\n\n\n\n<div class=\"wp-block-column is-layout-flow wp-block-column-is-layout-flow\">\n<h3 class=\"wp-block-heading has-text-align-center\" style=\"font-size:24px;line-height:1.3\"><strong><a href=\"https:\/\/institutduseinajaccien.com\/index.php\/parcours-de-soin\/traitement\/\" data-type=\"page\" data-id=\"123\">Traitement \u2197<\/a><\/strong><\/h3>\n\n\n\n<hr class=\"wp-block-separator has-alpha-channel-opacity\"\/>\n\n\n\n<p class=\"has-text-align-center\"><a href=\"https:\/\/institutduseinajaccien.com\/index.php\/parcours-de-soin\/traitement\/la-detection-du-ganglion-sentinelle\/\" data-type=\"page\" data-id=\"285\">La d\u00e9tection du ganglion sentinelle<\/a><\/p>\n\n\n\n<p class=\"has-text-align-center\"><a href=\"https:\/\/institutduseinajaccien.com\/index.php\/parcours-de-soin\/traitement\/le-reperage-radiologique\/\" data-type=\"page\" data-id=\"290\">Le rep\u00e9rage radiologique<\/a><\/p>\n\n\n\n<p class=\"has-text-align-center\"><a href=\"https:\/\/institutduseinajaccien.com\/index.php\/parcours-de-soin\/traitement\/la-chirurgie\/\" data-type=\"page\" data-id=\"292\">La chirurgie<\/a><\/p>\n\n\n\n<p class=\"has-text-align-center\"><a href=\"https:\/\/institutduseinajaccien.com\/index.php\/parcours-de-soin\/traitement\/les-traitements-medicaux-du-cancer-du-sein\/\" data-type=\"page\" data-id=\"294\">Les traitements m\u00e9dicaux du cancer du sein<\/a><\/p>\n\n\n\n<p class=\"has-text-align-center\"><a href=\"https:\/\/institutduseinajaccien.com\/index.php\/parcours-de-soin\/traitement\/la-chimiotherapie\/\" data-type=\"page\" data-id=\"298\">La chimioth\u00e9rapie<\/a><\/p>\n\n\n\n<p class=\"has-text-align-center\"><a href=\"https:\/\/institutduseinajaccien.com\/index.php\/parcours-de-soin\/traitement\/les-traitements-medicaux-du-cancer-du-sein\/\" data-type=\"page\" data-id=\"294\">L\u2019hormonoth\u00e9rapie<\/a><\/p>\n\n\n\n<p class=\"has-text-align-center\"><a href=\"https:\/\/institutduseinajaccien.com\/index.php\/parcours-de-soin\/traitement\/les-traitements-medicaux-du-cancer-du-sein\/\" data-type=\"page\" data-id=\"294\">Les th\u00e9rapies cibl\u00e9es<\/a><\/p>\n\n\n\n<p class=\"has-text-align-center\"><a href=\"https:\/\/institutduseinajaccien.com\/index.php\/parcours-de-soin\/traitement\/le-suivi-psychologique\/\" data-type=\"page\" data-id=\"309\">Le Suivi Psychologique<\/a><\/p>\n\n\n\n<p class=\"has-text-align-center\"><a href=\"https:\/\/institutduseinajaccien.com\/index.php\/parcours-de-soin\/traitement\/la-kinesitherapie\/\" data-type=\"page\" data-id=\"311\">La kin\u00e9sith\u00e9rapie<\/a><\/p>\n<\/div>\n\n\n\n<div class=\"wp-block-column is-layout-flow wp-block-column-is-layout-flow\">\n<h3 class=\"wp-block-heading has-text-align-center\" style=\"font-size:24px;line-height:1.3\"><strong><a href=\"https:\/\/institutduseinajaccien.com\/index.php\/parcours-de-soin\/soins-de-support\/\" data-type=\"page\" data-id=\"125\">Soins de support \u2197<\/a><\/strong><\/h3>\n\n\n\n<hr class=\"wp-block-separator has-alpha-channel-opacity\"\/>\n\n\n\n<p class=\"has-text-align-center\">Soins de support \u00e0 cr\u00e9er.<\/p>\n<\/div>\n<\/div>\n\n\n\n<hr class=\"wp-block-separator has-alpha-channel-opacity\"\/>\n","protected":false},"excerpt":{"rendered":"<p>Le traitement du cancer du sein est compos\u00e9 de diff\u00e9rentes \u00e9tapes et font intervenir de multiples professionnels de sant\u00e9. Quelles sont ces \u00e9tapes ? Qui sont les professionnels et acteurs de sant\u00e9 qui peuvent \u00eatre mobilis\u00e9s ? L&rsquo;ISA vous aide \u00e0 y voir plus clair.<\/p>\n","protected":false},"author":1,"featured_media":0,"parent":0,"menu_order":0,"comment_status":"closed","ping_status":"closed","template":"","meta":{"footnotes":""},"class_list":["post-31","page","type-page","status-publish","hentry"],"_links":{"self":[{"href":"https:\/\/institutduseinajaccien.com\/index.php\/wp-json\/wp\/v2\/pages\/31","targetHints":{"allow":["GET"]}}],"collection":[{"href":"https:\/\/institutduseinajaccien.com\/index.php\/wp-json\/wp\/v2\/pages"}],"about":[{"href":"https:\/\/institutduseinajaccien.com\/index.php\/wp-json\/wp\/v2\/types\/page"}],"author":[{"embeddable":true,"href":"https:\/\/institutduseinajaccien.com\/index.php\/wp-json\/wp\/v2\/users\/1"}],"replies":[{"embeddable":true,"href":"https:\/\/institutduseinajaccien.com\/index.php\/wp-json\/wp\/v2\/comments?post=31"}],"version-history":[{"count":0,"href":"https:\/\/institutduseinajaccien.com\/index.php\/wp-json\/wp\/v2\/pages\/31\/revisions"}],"wp:attachment":[{"href":"https:\/\/institutduseinajaccien.com\/index.php\/wp-json\/wp\/v2\/media?parent=31"}],"curies":[{"name":"wp","href":"https:\/\/api.w.org\/{rel}","templated":true}]}}