{"id":309,"date":"2025-09-08T19:51:42","date_gmt":"2025-09-08T17:51:42","guid":{"rendered":"http:\/\/localhost\/ISA\/?page_id=309"},"modified":"2025-09-08T19:51:42","modified_gmt":"2025-09-08T17:51:42","slug":"le-suivi-psychologique","status":"publish","type":"page","link":"https:\/\/institutduseinajaccien.com\/index.php\/parcours-de-soin\/traitement\/le-suivi-psychologique\/","title":{"rendered":"Le suivi psychologique"},"content":{"rendered":"\n<p>Au-del\u00e0 de l\u2019impact physique des traitements (chirurgie, chimioth\u00e9rapie, radioth\u00e9rapie, hormonoth\u00e9rapie), le cancer du sein entra\u00eene souvent des cons\u00e9quences psychologiques importantes : anxi\u00e9t\u00e9, d\u00e9pression, troubles de l\u2019image corporelle, perturbation de la vie affective et sexuelle.<\/p>\n\n\n\n<p>Le suivi psychologique des femmes atteintes de cancer du sein est indispensable pour une prise en charge globale, car il aide non seulement \u00e0 surmonter la d\u00e9tresse psychique li\u00e9e \u00e0 la maladie, mais aussi \u00e0 restaurer la confiance en soi, la f\u00e9minit\u00e9 et la qualit\u00e9 de vie.<\/p>\n\n\n\n<p><strong>Objectifs du suivi psychologique<\/strong><\/p>\n\n\n\n<p><strong>Soutien \u00e9motionnel : <\/strong>aider \u00e0 g\u00e9rer l\u2019annonce du diagnostic, les incertitudes et la peur de la r\u00e9cidive.<\/p>\n\n\n\n<p><strong>Accompagnement dans les traitements :<\/strong> favoriser l\u2019adh\u00e9sion et la tol\u00e9rance, r\u00e9duire le stress li\u00e9 aux soins.<\/p>\n\n\n\n<p><strong>Travail sur l\u2019image de soi et la f\u00e9minit\u00e9 : <\/strong>reconstruction identitaire apr\u00e8s chirurgie (mastectomie, reconstruction mammaire).<\/p>\n\n\n\n<p><strong>Pr\u00e9vention et prise en charge des troubles psychiques :<\/strong> d\u00e9pister et traiter anxi\u00e9t\u00e9, d\u00e9pression ou syndrome de stress post-traumatique.<\/p>\n\n\n\n<p><strong>Soutien aux proches :<\/strong> aider conjoint, enfants et famille \u00e0 faire face \u00e0 la maladie.<\/p>\n\n\n\n<p>Le suivi psychologique s\u2019adresse \u00e0 toutes les patientes touch\u00e9es par un cancer du sein qui en expriment le souhait, ainsi qu\u2019aux membres de leur famille qui le d\u00e9sirent.<\/p>\n\n\n\n<p><em>A l\u2019ISA, on vous orientera vers un professionnel en fonction du moment du parcours et de votre lieu de vie.<\/em><\/p>\n\n\n\n<p>En dehors des psychologues hospitali\u00e8res (centre de la douleur, oncologie), les consultations co\u00fbtent 50 euros. Elles ne sont pas prises en charge par la s\u00e9curit\u00e9 sociale mais certaines mutuelles proposent des remboursements.<\/p>\n\n\n\n<hr class=\"wp-block-separator has-alpha-channel-opacity\"\/>\n\n\n\n<div class=\"wp-block-columns alignwide has-text-color has-background is-layout-flex wp-container-core-columns-is-layout-9d6595d7 wp-block-columns-is-layout-flex\" style=\"color:#000000;background-color:#ffffff\">\n<div class=\"wp-block-column is-vertically-aligned-top is-layout-flow wp-block-column-is-layout-flow\">\n<h3 class=\"wp-block-heading has-text-align-center\" style=\"font-size:24px;line-height:1.3\"><strong><a href=\"https:\/\/institutduseinajaccien.com\/index.php\/parcours-de-soin\/diagnostic\/\" data-type=\"page\" data-id=\"33\">Diagnostic \u2197<\/a><\/strong><\/h3>\n\n\n\n<hr class=\"wp-block-separator has-alpha-channel-opacity\"\/>\n\n\n\n<p class=\"has-text-align-center\"><a href=\"https:\/\/institutduseinajaccien.com\/index.php\/parcours-de-soin\/diagnostic\/la-mammographie\/\" data-type=\"page\" data-id=\"254\">La mammographie<\/a><\/p>\n\n\n\n<p class=\"has-text-align-center\"><a href=\"https:\/\/institutduseinajaccien.com\/index.php\/parcours-de-soin\/diagnostic\/lechographie-mammaire\/\" data-type=\"page\" data-id=\"256\">L\u2019\u00e9chographie mammaire<\/a><\/p>\n\n\n\n<p class=\"has-text-align-center\"><a href=\"http:\/\/localhost\/ISA\/parcours-de-soin\/diagnostic\/lirm-mammaire\/\" data-type=\"page\" data-id=\"267\">L\u2019IRM mammaire<\/a><\/p>\n\n\n\n<p class=\"has-text-align-center\"><a href=\"https:\/\/institutduseinajaccien.com\/index.php\/parcours-de-soin\/diagnostic\/la-biopsie-mammaire\/\" data-type=\"page\" data-id=\"271\">La biopsie mammaire<\/a><\/p>\n\n\n\n<p class=\"has-text-align-center\"><a href=\"https:\/\/institutduseinajaccien.com\/index.php\/parcours-de-soin\/diagnostic\/le-bilan-dextension\/\" data-type=\"page\" data-id=\"273\">Le Bilan d\u2019extension<\/a><\/p>\n\n\n\n<p class=\"has-text-align-center\"><a href=\"https:\/\/institutduseinajaccien.com\/index.php\/parcours-de-soin\/diagnostic\/le-bilan-dextension\/\" data-type=\"page\" data-id=\"273\">Le TEP Scanner<\/a><\/p>\n\n\n\n<p class=\"has-text-align-center\"><a href=\"https:\/\/institutduseinajaccien.com\/index.php\/parcours-de-soin\/diagnostic\/le-bilan-dextension\/\" data-type=\"page\" data-id=\"273\">Le Scanner thoraco-abdomino-pelvien<\/a><\/p>\n\n\n\n<p class=\"has-text-align-center\"><a href=\"https:\/\/institutduseinajaccien.com\/index.php\/parcours-de-soin\/diagnostic\/le-bilan-dextension\/\" data-type=\"page\" data-id=\"273\">La scintigraphie osseuse<\/a><\/p>\n<\/div>\n\n\n\n<div class=\"wp-block-column is-layout-flow wp-block-column-is-layout-flow\">\n<h3 class=\"wp-block-heading has-text-align-center\" style=\"font-size:24px;line-height:1.3\"><strong><a href=\"https:\/\/institutduseinajaccien.com\/index.php\/parcours-de-soin\/traitement\/\" data-type=\"page\" data-id=\"123\">Traitement \u2197<\/a><\/strong><\/h3>\n\n\n\n<hr class=\"wp-block-separator has-alpha-channel-opacity\"\/>\n\n\n\n<p class=\"has-text-align-center\"><a href=\"https:\/\/institutduseinajaccien.com\/index.php\/parcours-de-soin\/traitement\/la-detection-du-ganglion-sentinelle\/\" data-type=\"page\" data-id=\"285\">La d\u00e9tection du ganglion sentinelle<\/a><\/p>\n\n\n\n<p class=\"has-text-align-center\"><a href=\"https:\/\/institutduseinajaccien.com\/index.php\/parcours-de-soin\/traitement\/le-reperage-radiologique\/\" data-type=\"page\" data-id=\"290\">Le rep\u00e9rage radiologique<\/a><\/p>\n\n\n\n<p class=\"has-text-align-center\"><a href=\"https:\/\/institutduseinajaccien.com\/index.php\/parcours-de-soin\/traitement\/la-chirurgie\/\" data-type=\"page\" data-id=\"292\">La chirurgie<\/a><\/p>\n\n\n\n<p class=\"has-text-align-center\"><a href=\"https:\/\/institutduseinajaccien.com\/index.php\/parcours-de-soin\/traitement\/les-traitements-medicaux-du-cancer-du-sein\/\" data-type=\"page\" data-id=\"294\">Les traitements m\u00e9dicaux du cancer du sein<\/a><\/p>\n\n\n\n<p class=\"has-text-align-center\"><a href=\"https:\/\/institutduseinajaccien.com\/index.php\/parcours-de-soin\/traitement\/la-chimiotherapie\/\" data-type=\"page\" data-id=\"298\">La chimioth\u00e9rapie<\/a><\/p>\n\n\n\n<p class=\"has-text-align-center\"><a href=\"https:\/\/institutduseinajaccien.com\/index.php\/parcours-de-soin\/traitement\/les-traitements-medicaux-du-cancer-du-sein\/\" data-type=\"page\" data-id=\"294\">L\u2019hormonoth\u00e9rapie<\/a><\/p>\n\n\n\n<p class=\"has-text-align-center\"><a href=\"https:\/\/institutduseinajaccien.com\/index.php\/parcours-de-soin\/traitement\/les-traitements-medicaux-du-cancer-du-sein\/\" data-type=\"page\" data-id=\"294\">Les th\u00e9rapies cibl\u00e9es<\/a><\/p>\n\n\n\n<p class=\"has-text-align-center\"><a href=\"https:\/\/institutduseinajaccien.com\/index.php\/parcours-de-soin\/traitement\/le-suivi-psychologique\/\" data-type=\"page\" data-id=\"309\">Le Suivi Psychologique<\/a><\/p>\n\n\n\n<p class=\"has-text-align-center\"><a href=\"https:\/\/institutduseinajaccien.com\/index.php\/parcours-de-soin\/traitement\/la-kinesitherapie\/\" data-type=\"page\" data-id=\"311\">La kin\u00e9sith\u00e9rapie<\/a><\/p>\n<\/div>\n\n\n\n<div class=\"wp-block-column is-layout-flow wp-block-column-is-layout-flow\">\n<h3 class=\"wp-block-heading has-text-align-center\" style=\"font-size:24px;line-height:1.3\"><strong><a href=\"https:\/\/institutduseinajaccien.com\/index.php\/parcours-de-soin\/soins-de-support\/\" data-type=\"page\" data-id=\"125\">Soins de support \u2197<\/a><\/strong><\/h3>\n\n\n\n<hr class=\"wp-block-separator has-alpha-channel-opacity\"\/>\n\n\n\n<p class=\"has-text-align-center\">Soins de support \u00e0 cr\u00e9er.<\/p>\n<\/div>\n<\/div>\n","protected":false},"excerpt":{"rendered":"<p>Au-del\u00e0 de l\u2019impact physique des traitements (chirurgie, chimioth\u00e9rapie, radioth\u00e9rapie, hormonoth\u00e9rapie), le cancer du sein entra\u00eene souvent des cons\u00e9quences psychologiques importantes : anxi\u00e9t\u00e9, d\u00e9pression, troubles de l\u2019image corporelle, perturbation de la vie affective et sexuelle. Le suivi psychologique des femmes atteintes de cancer du sein est indispensable pour une prise en charge globale, car il aide [&hellip;]<\/p>\n","protected":false},"author":1,"featured_media":0,"parent":123,"menu_order":0,"comment_status":"closed","ping_status":"closed","template":"","meta":{"footnotes":""},"class_list":["post-309","page","type-page","status-publish","hentry"],"_links":{"self":[{"href":"https:\/\/institutduseinajaccien.com\/index.php\/wp-json\/wp\/v2\/pages\/309","targetHints":{"allow":["GET"]}}],"collection":[{"href":"https:\/\/institutduseinajaccien.com\/index.php\/wp-json\/wp\/v2\/pages"}],"about":[{"href":"https:\/\/institutduseinajaccien.com\/index.php\/wp-json\/wp\/v2\/types\/page"}],"author":[{"embeddable":true,"href":"https:\/\/institutduseinajaccien.com\/index.php\/wp-json\/wp\/v2\/users\/1"}],"replies":[{"embeddable":true,"href":"https:\/\/institutduseinajaccien.com\/index.php\/wp-json\/wp\/v2\/comments?post=309"}],"version-history":[{"count":0,"href":"https:\/\/institutduseinajaccien.com\/index.php\/wp-json\/wp\/v2\/pages\/309\/revisions"}],"up":[{"embeddable":true,"href":"https:\/\/institutduseinajaccien.com\/index.php\/wp-json\/wp\/v2\/pages\/123"}],"wp:attachment":[{"href":"https:\/\/institutduseinajaccien.com\/index.php\/wp-json\/wp\/v2\/media?parent=309"}],"curies":[{"name":"wp","href":"https:\/\/api.w.org\/{rel}","templated":true}]}}