{"id":307,"date":"2025-09-08T19:50:30","date_gmt":"2025-09-08T17:50:30","guid":{"rendered":"http:\/\/localhost\/ISA\/?page_id=307"},"modified":"2025-09-24T13:17:43","modified_gmt":"2025-09-24T13:17:43","slug":"la-radiotherapie","status":"publish","type":"page","link":"https:\/\/institutduseinajaccien.com\/index.php\/parcours-de-soin\/traitement\/la-radiotherapie\/","title":{"rendered":"La radioth\u00e9rapie"},"content":{"rendered":"\n<div class=\"wp-block-group\"><div class=\"wp-block-group__inner-container is-layout-constrained wp-block-group-is-layout-constrained\">\n<div class=\"wp-block-group\"><div class=\"wp-block-group__inner-container is-layout-constrained wp-block-group-is-layout-constrained\">\n<p>La radioth\u00e9rapie est un traitement locor\u00e9gional contre le cancer, qui a pour but de d\u00e9truire les cellules canc\u00e9reuses \u00e0 l\u2019aide de rayonnements ionisants en bloquant la capacit\u00e9 de ces cellules \u00e0 se multiplier.<\/p>\n\n\n\n<p>Elle peut \u00eatre d\u00e9livr\u00e9e \u00e0 vis\u00e9e curative, pour gu\u00e9rir le cancer, \u00e0 vis\u00e9e pr\u00e9ventive\/ adjuvante pour diminuer le risque de r\u00e9cidive locor\u00e9gionale ( apr\u00e8s une chirurgie\/ chimioth\u00e9rapie) ou \u00e0 vis\u00e9e palliative, pour freiner l\u2019\u00e9volution de la tumeur, soulager les sympt\u00f4mes et am\u00e9liorer la qualit\u00e9 de vie.&nbsp;<\/p>\n\n\n\n<p>Plusieurs facteurs d\u00e9terminent le choix du type et de la technique de radioth\u00e9rapie, la dose \u00e0 d\u00e9livrer et le nombre de s\u00e9ances n\u00e9cessaires (type de tumeur, localisation, \u00e9tendue, ant\u00e9c\u00e9dents m\u00e9dicaux ou chirurgicaux du patient\u2026).&nbsp;<\/p>\n\n\n\n<p>Les progr\u00e8s constants de la radioth\u00e9rapie permettent de toujours mieux cibler les rayons dans la zone tumorale afin d\u2019\u00e9pargner au maximum les tissus et les organes sains qui l\u2019entourent.<\/p>\n\n\n\n<p>En fonction du protocole de traitement \u00e9tabli en r\u00e9union de concertation pluridisciplinaire, la radioth\u00e9rapie peut \u00eatre d\u00e9livr\u00e9e seule ou associ\u00e9e \u00e0 une chimioth\u00e9rapie, une hormonoth\u00e9rapie, avant une chirurgie pour faire diminuer le volume de la tumeur, ou apr\u00e8s la chirurgie.<\/p>\n\n\n\n<p><strong>Comment agit la radioth\u00e9rapie ?<\/strong><\/p>\n\n\n\n<p>Les rayons sont \u00e9mis par une machine appel\u00e9e acc\u00e9l\u00e9rateur lin\u00e9aire de particules. Les faisceaux d\u2019irradiation sont dirig\u00e9s sp\u00e9cifiquement sur la zone \u00e0 traiter.<\/p>\n<\/div><\/div>\n\n\n\n<p>Les rayonnements ionisants sont capables de d\u00e9truire les cellules canc\u00e9reuses en endommageant leur mat\u00e9riel g\u00e9n\u00e9tique (g\u00e9n\u00e9ralement par une l\u00e9sion de l\u2019ADN des cellules canc\u00e9reuses).<\/p>\n\n\n\n<p>De telle mani\u00e8re, les cellules malades ne peuvent plus prolif\u00e9rer, ne pouvant r\u00e9parer les dommages induits, et sont \u00e9limin\u00e9es.<\/p>\n\n\n\n<p>Les rayonnements ionisants peuvent cependant aussi endommager les cellules saines entourant la zone trait\u00e9e.&nbsp;<\/p>\n\n\n\n<p>Fort heureusement, les cellules saines ont une capacit\u00e9 de r\u00e9parer leur ADN que n&rsquo;ont pas les cellules malades.<\/p>\n\n\n\n<p><strong>Effets secondaires de la radioth\u00e9rapie<\/strong><\/p>\n\n\n\n<p>La radioth\u00e9rapie peut engendrer des effets secondaires chez le patient, dans le volume trait\u00e9 par radioth\u00e9rapie ( pas d&rsquo;effets secondaires \u00e0 distance).&nbsp;<\/p>\n\n\n\n<p>Ainsi, pour une irradiation d\u2019un cancer du sein, on peut observer au niveau du sein trait\u00e9<\/p>\n\n\n\n<ul class=\"wp-block-list\">\n<li>un \u00e9ryth\u00e8me cutan\u00e9 avec augmentation de la chaleur cutan\u00e9e<\/li>\n\n\n\n<li>une modification de l\u2019aspect cicatriciel<\/li>\n\n\n\n<li>des douleurs ou d\u00e9mangeaisons<\/li>\n\n\n\n<li>un \u0153d\u00e8me du sein (gonflement), pouvant persister apr\u00e8s la fin de l\u2019irradiation<\/li>\n\n\n\n<li>une l\u00e9g\u00e8re pigmentation cutan\u00e9e, pouvant persister au-del\u00e0 des traitements<\/li>\n\n\n\n<li>une irritation de l\u2019\u0153sophage avec difficult\u00e9s \u00e0 avaler (si irradiation des aires ganglionnaires)<\/li>\n\n\n\n<li>une fatigue, pouvant aussi \u00eatre li\u00e9e aux contraintes des traitements (nombre de s\u00e9ances, trajets, etc.)<\/li>\n<\/ul>\n\n\n\n<p>On distingue les effets secondaires aigus, qui surviennent pendant le traitement et sont provisoires, des effets ind\u00e9sirables tardifs qui peuvent appara\u00eetre quelques mois voire plusieurs ann\u00e9es apr\u00e8s le traitement et qui perdurent. Ces derniers sont rares.<\/p>\n\n\n\n<p><strong>La radioth\u00e9rapie en pratique<\/strong><\/p>\n\n\n\n<p>Tout commence avec la consultation avec un radioth\u00e9rapeute.<\/p>\n\n\n\n<p>Lors de cette consultation, l&rsquo;indication de radioth\u00e9rapie est d\u00e9termin\u00e9e apr\u00e8s v\u00e9rification du dossier m\u00e9dical, interrogatoire et examen clinique du patient.<\/p>\n\n\n\n<p>La premi\u00e8re \u00e9tape pour mettre en place un traitement de radioth\u00e9rapie est la r\u00e9alisation du scanner de centrage dans le service de radioth\u00e9rapie.<\/p>\n\n\n\n<p>Ce scanner de centrage va permettre de mettre le patient en position de traitement avec des syst\u00e8mes de contention adapt\u00e9s au patient et \u00e0&nbsp;la localisation trait\u00e9e.<\/p>\n\n\n\n<p>Le m\u00e9decin radioth\u00e9rapeute et le physicien m\u00e9dical \u00e9laborent ensuite le plan de traitement ( dosim\u00e9trie) qui n\u00e9cessite plusieurs jours de travail avant de d\u00e9buter les s\u00e9ances.<\/p>\n\n\n\n<p>Au cours d\u2019une s\u00e9ance, la position du corps d\u00e9termin\u00e9e lors du scanner de centrage est toujours la m\u00eame et ce positionnement est r\u00e9guli\u00e8rement v\u00e9rifi\u00e9 par des images de contr\u00f4le.&nbsp;<\/p>\n\n\n\n<p>Le temps d\u2019irradiation est de quelques minutes.&nbsp;<\/p>\n\n\n\n<p>G\u00e9n\u00e9ralement, le traitement consiste en&nbsp;une s\u00e9ance par jour sur une dur\u00e9e de cinq jours, et ce durant plusieurs semaines.&nbsp;<\/p>\n\n\n\n<p>Il n\u2019y a pas de s\u00e9ance le week-end et certains jours f\u00e9ri\u00e9s .&nbsp;<\/p>\n\n\n\n<p>Une consultation hebdomadaire a lieu durant le traitement de radioth\u00e9rapie afin de s&rsquo;assurer du bon d\u00e9roulement de celui-ci et g\u00e9rer les effets secondaires potentiels.<\/p>\n<\/div><\/div>\n\n\n\n<hr class=\"wp-block-separator has-alpha-channel-opacity\"\/>\n\n\n\n<div class=\"wp-block-columns alignwide has-text-color has-background is-layout-flex wp-container-core-columns-is-layout-9d6595d7 wp-block-columns-is-layout-flex\" style=\"color:#000000;background-color:#ffffff\">\n<div class=\"wp-block-column is-vertically-aligned-top is-layout-flow wp-block-column-is-layout-flow\">\n<h3 class=\"wp-block-heading has-text-align-center\" style=\"font-size:24px;line-height:1.3\"><strong><a href=\"https:\/\/institutduseinajaccien.com\/index.php\/parcours-de-soin\/diagnostic\/\" data-type=\"page\" data-id=\"33\">Diagnostic \u2197<\/a><\/strong><\/h3>\n\n\n\n<hr class=\"wp-block-separator has-alpha-channel-opacity\"\/>\n\n\n\n<p class=\"has-text-align-center\"><a href=\"https:\/\/institutduseinajaccien.com\/index.php\/parcours-de-soin\/diagnostic\/la-mammographie\/\" data-type=\"page\" data-id=\"254\">La mammographie<\/a><\/p>\n\n\n\n<p class=\"has-text-align-center\"><a href=\"https:\/\/institutduseinajaccien.com\/index.php\/parcours-de-soin\/diagnostic\/lechographie-mammaire\/\" data-type=\"page\" data-id=\"256\">L\u2019\u00e9chographie mammaire<\/a><\/p>\n\n\n\n<p class=\"has-text-align-center\"><a href=\"http:\/\/localhost\/ISA\/parcours-de-soin\/diagnostic\/lirm-mammaire\/\" data-type=\"page\" data-id=\"267\">L\u2019IRM mammaire<\/a><\/p>\n\n\n\n<p class=\"has-text-align-center\"><a href=\"https:\/\/institutduseinajaccien.com\/index.php\/parcours-de-soin\/diagnostic\/la-biopsie-mammaire\/\" data-type=\"page\" data-id=\"271\">La biopsie mammaire<\/a><\/p>\n\n\n\n<p class=\"has-text-align-center\"><a href=\"https:\/\/institutduseinajaccien.com\/index.php\/parcours-de-soin\/diagnostic\/le-bilan-dextension\/\" data-type=\"page\" data-id=\"273\">Le Bilan d\u2019extension<\/a><\/p>\n\n\n\n<p class=\"has-text-align-center\"><a href=\"https:\/\/institutduseinajaccien.com\/index.php\/parcours-de-soin\/diagnostic\/le-bilan-dextension\/\" data-type=\"page\" data-id=\"273\">Le TEP Scanner<\/a><\/p>\n\n\n\n<p class=\"has-text-align-center\"><a href=\"https:\/\/institutduseinajaccien.com\/index.php\/parcours-de-soin\/diagnostic\/le-bilan-dextension\/\" data-type=\"page\" data-id=\"273\">Le Scanner thoraco-abdomino-pelvien<\/a><\/p>\n\n\n\n<p class=\"has-text-align-center\"><a href=\"https:\/\/institutduseinajaccien.com\/index.php\/parcours-de-soin\/diagnostic\/le-bilan-dextension\/\" data-type=\"page\" data-id=\"273\">La scintigraphie osseuse<\/a><\/p>\n<\/div>\n\n\n\n<div class=\"wp-block-column is-layout-flow wp-block-column-is-layout-flow\">\n<h3 class=\"wp-block-heading has-text-align-center\" style=\"font-size:24px;line-height:1.3\"><strong><a href=\"https:\/\/institutduseinajaccien.com\/index.php\/parcours-de-soin\/traitement\/\" data-type=\"page\" data-id=\"123\">Traitement \u2197<\/a><\/strong><\/h3>\n\n\n\n<hr class=\"wp-block-separator has-alpha-channel-opacity\"\/>\n\n\n\n<p class=\"has-text-align-center\"><a href=\"https:\/\/institutduseinajaccien.com\/index.php\/parcours-de-soin\/traitement\/la-detection-du-ganglion-sentinelle\/\" data-type=\"page\" data-id=\"285\">La d\u00e9tection du ganglion sentinelle<\/a><\/p>\n\n\n\n<p class=\"has-text-align-center\"><a href=\"https:\/\/institutduseinajaccien.com\/index.php\/parcours-de-soin\/traitement\/le-reperage-radiologique\/\" data-type=\"page\" data-id=\"290\">Le rep\u00e9rage radiologique<\/a><\/p>\n\n\n\n<p class=\"has-text-align-center\"><a href=\"https:\/\/institutduseinajaccien.com\/index.php\/parcours-de-soin\/traitement\/la-chirurgie\/\" data-type=\"page\" data-id=\"292\">La chirurgie<\/a><\/p>\n\n\n\n<p class=\"has-text-align-center\"><a href=\"https:\/\/institutduseinajaccien.com\/index.php\/parcours-de-soin\/traitement\/les-traitements-medicaux-du-cancer-du-sein\/\" data-type=\"page\" data-id=\"294\">Les traitements m\u00e9dicaux du cancer du sein<\/a><\/p>\n\n\n\n<p class=\"has-text-align-center\"><a href=\"https:\/\/institutduseinajaccien.com\/index.php\/parcours-de-soin\/traitement\/la-chimiotherapie\/\" data-type=\"page\" data-id=\"298\">La chimioth\u00e9rapie<\/a><\/p>\n\n\n\n<p class=\"has-text-align-center\"><a href=\"https:\/\/institutduseinajaccien.com\/index.php\/parcours-de-soin\/traitement\/les-traitements-medicaux-du-cancer-du-sein\/\" data-type=\"page\" data-id=\"294\">L\u2019hormonoth\u00e9rapie<\/a><\/p>\n\n\n\n<p class=\"has-text-align-center\"><a href=\"https:\/\/institutduseinajaccien.com\/index.php\/parcours-de-soin\/traitement\/les-traitements-medicaux-du-cancer-du-sein\/\" data-type=\"page\" data-id=\"294\">Les th\u00e9rapies cibl\u00e9es<\/a><\/p>\n\n\n\n<p class=\"has-text-align-center\"><a href=\"https:\/\/institutduseinajaccien.com\/index.php\/parcours-de-soin\/traitement\/le-suivi-psychologique\/\" data-type=\"page\" data-id=\"309\">Le Suivi Psychologique<\/a><\/p>\n\n\n\n<p class=\"has-text-align-center\"><a href=\"https:\/\/institutduseinajaccien.com\/index.php\/parcours-de-soin\/traitement\/la-kinesitherapie\/\" data-type=\"page\" data-id=\"311\">La kin\u00e9sith\u00e9rapie<\/a><\/p>\n<\/div>\n\n\n\n<div class=\"wp-block-column is-layout-flow wp-block-column-is-layout-flow\">\n<h3 class=\"wp-block-heading has-text-align-center\" style=\"font-size:24px;line-height:1.3\"><strong><a href=\"https:\/\/institutduseinajaccien.com\/index.php\/parcours-de-soin\/soins-de-support\/\" data-type=\"page\" data-id=\"125\">Soins de support \u2197<\/a><\/strong><\/h3>\n\n\n\n<hr class=\"wp-block-separator has-alpha-channel-opacity\"\/>\n\n\n\n<p class=\"has-text-align-center\">Soins de support \u00e0 cr\u00e9er.<\/p>\n<\/div>\n<\/div>\n","protected":false},"excerpt":{"rendered":"<p>La radioth\u00e9rapie est un traitement locor\u00e9gional contre le cancer, qui a pour but de d\u00e9truire les cellules canc\u00e9reuses \u00e0 l\u2019aide de rayonnements ionisants en bloquant la capacit\u00e9 de ces cellules \u00e0 se multiplier. Elle peut \u00eatre d\u00e9livr\u00e9e \u00e0 vis\u00e9e curative, pour gu\u00e9rir le cancer, \u00e0 vis\u00e9e pr\u00e9ventive\/ adjuvante pour diminuer le risque de r\u00e9cidive locor\u00e9gionale [&hellip;]<\/p>\n","protected":false},"author":1,"featured_media":0,"parent":123,"menu_order":0,"comment_status":"closed","ping_status":"closed","template":"","meta":{"footnotes":""},"class_list":["post-307","page","type-page","status-publish","hentry"],"_links":{"self":[{"href":"https:\/\/institutduseinajaccien.com\/index.php\/wp-json\/wp\/v2\/pages\/307","targetHints":{"allow":["GET"]}}],"collection":[{"href":"https:\/\/institutduseinajaccien.com\/index.php\/wp-json\/wp\/v2\/pages"}],"about":[{"href":"https:\/\/institutduseinajaccien.com\/index.php\/wp-json\/wp\/v2\/types\/page"}],"author":[{"embeddable":true,"href":"https:\/\/institutduseinajaccien.com\/index.php\/wp-json\/wp\/v2\/users\/1"}],"replies":[{"embeddable":true,"href":"https:\/\/institutduseinajaccien.com\/index.php\/wp-json\/wp\/v2\/comments?post=307"}],"version-history":[{"count":2,"href":"https:\/\/institutduseinajaccien.com\/index.php\/wp-json\/wp\/v2\/pages\/307\/revisions"}],"predecessor-version":[{"id":576,"href":"https:\/\/institutduseinajaccien.com\/index.php\/wp-json\/wp\/v2\/pages\/307\/revisions\/576"}],"up":[{"embeddable":true,"href":"https:\/\/institutduseinajaccien.com\/index.php\/wp-json\/wp\/v2\/pages\/123"}],"wp:attachment":[{"href":"https:\/\/institutduseinajaccien.com\/index.php\/wp-json\/wp\/v2\/media?parent=307"}],"curies":[{"name":"wp","href":"https:\/\/api.w.org\/{rel}","templated":true}]}}