{"id":292,"date":"2025-09-08T19:41:10","date_gmt":"2025-09-08T17:41:10","guid":{"rendered":"http:\/\/localhost\/ISA\/?page_id=292"},"modified":"2025-10-14T16:10:50","modified_gmt":"2025-10-14T16:10:50","slug":"la-chirurgie","status":"publish","type":"page","link":"https:\/\/institutduseinajaccien.com\/index.php\/parcours-de-soin\/traitement\/la-chirurgie\/","title":{"rendered":"La chirurgie"},"content":{"rendered":"\n<p>La chirurgie est souvent le premier traitement propos\u00e9 quand un cancer du sein est diagnostiqu\u00e9. Elle vise \u00e0 traiter la maladie et \u00e0 conna\u00eetre toutes les caract\u00e9ristiques de la tumeur afin de d\u00e9finir le stade. Elle peut \u00eatre la seule \u00e9tape du traitement, ou associ\u00e9e \u00e0 d\u2019autres traitements&nbsp;: radioth\u00e9rapie, chimioth\u00e9rapie, th\u00e9rapie cibl\u00e9e, hormonoth\u00e9rapie. Le choix de ces traitements et leur ordre d\u00e9pendent de nombreux crit\u00e8res. A chaque patiente correspond une strat\u00e9gie, qui est discut\u00e9e lors de RCP (R\u00e9union de Concertation Pluridisciplinaire), et avec la patiente.<\/p>\n\n\n\n<p><strong>Quels sont les grands principes de l\u2019intervention&nbsp;?<\/strong><\/p>\n\n\n\n<p>Il existe deux grands types d\u2019interventions :<\/p>\n\n\n\n<ul class=\"wp-block-list\">\n<li><strong>Chirurgie conservatrice<\/strong> (tumorectomie ou mastectomie partielle) : on retire uniquement la tumeur et une petite marge de tissu sain autour. Le chirurgien r\u00e9alise le geste par des techniques classiques ou, si n\u00e9cessaire, par des techniques de chirurgie plastique (onco-plastie)<\/li>\n\n\n\n<li><strong>Mastectomie<\/strong> : on retire l\u2019ensemble du sein, parfois n\u00e9cessaire si la tumeur est grosse ou si plusieurs zones sont touch\u00e9es.<\/li>\n<\/ul>\n\n\n\n<p>Dans le m\u00eame temps op\u00e9ratoire, les chirurgiens retirent aussi quelques ganglions sous l\u2019aisselle (curage axillaire ou ganglion sentinelle) pour savoir si le cancer s\u2019est propag\u00e9.<\/p>\n\n\n\n<p>Apr\u00e8s une mastectomie, une reconstruction mammaire peut \u00eatre propos\u00e9e visant \u00e0 redonner la forme et le volume d\u2019un sein en restaurant une sym\u00e9trie harmonieuse.<\/p>\n\n\n\n<p>La reconstruction peut \u00eatre:<\/p>\n\n\n\n<ul class=\"wp-block-list\">\n<li>Imm\u00e9diate : r\u00e9alis\u00e9e dans le m\u00eame temps que l\u2019ablation.<\/li>\n\n\n\n<li>Diff\u00e9r\u00e9e : faite plusieurs mois ou ann\u00e9es plus tard, une fois les traitements termin\u00e9s.<\/li>\n<\/ul>\n\n\n\n<p>Elle peut utiliser soit des implants, soit des tissus pr\u00e9lev\u00e9s sur le corps de la patiente (ventre, dos, cuisse). Le choix est fait en accord avec la patiente en fonction des traitements n\u00e9cessaires et apr\u00e8s discussion avec le chirurgien. La reconstruction n\u00e9cessite souvent plusieurs op\u00e9rations.<\/p>\n\n\n\n<p><strong>En pratique<\/strong><\/p>\n\n\n\n<p>L\u2019op\u00e9ration est pr\u00e9c\u00e9d\u00e9e d\u2019une ou plusieurs consultations avec le chirurgien afin de pr\u00e9senter les diff\u00e9rentes options th\u00e9rapeutiques et vous aider \u00e0 choisir les gestes chirurgicaux les plus adapt\u00e9s.<\/p>\n\n\n\n<p><em>A l\u2019ISA, l\u2019intervention est r\u00e9alis\u00e9e au Centre Hospitalier d\u2019Ajaccio par un des trois chirurgiens gyn\u00e9cologues, parfois conjointement avec un chirurgien plasticien, le <strong>Dr Laetitia Rutily-Julien<\/strong>. Dans ce cas, elle vous recevra en consultation au pr\u00e9alable.<\/em><\/p>\n\n\n\n<p><em>Au Centre hospitalier d&rsquo;Ajaccio, nous offrons aussi la possibilit\u00e9 aux patientes qui le n\u00e9cessitent de b\u00e9n\u00e9ficier d&rsquo;une reconstruction mammaire par lambeau\u00a0DIEP. Cette technique, reconnue pour ses r\u00e9sultats naturels et durables, est propos\u00e9e en coordination avec le <strong>Professeur Lantieri<\/strong>, chirurgien plasticien de renomm\u00e9e internationale.<\/em><\/p>\n\n\n\n<p>L\u2019op\u00e9ration dure entre 1 h et 2 h en fonction des gestes r\u00e9alis\u00e9s.<\/p>\n\n\n\n<p>Elle peut \u00eatre r\u00e9alis\u00e9e en ambulatoire (vous serez convoqu\u00e9es le matin et ressortirez en fin de journ\u00e9e), ou en hospitalisation conventionnelle (vous rentrez \u00e0 l\u2019h\u00f4pital la veille de l\u2019intervention, et restez entre 2 et 5 jours).<\/p>\n\n\n\n<p>Des soins de pansements seront probablement \u00e0 faire r\u00e9aliser par une infirmi\u00e8re \u00e0 domicile pendant quelques jours apr\u00e8s l\u2019intervention.<\/p>\n\n\n\n<p><em>En cas d\u2019\u00e9loignement g\u00e9ographique, vous pouvez b\u00e9n\u00e9ficier d\u2019un logement non m\u00e9dicalis\u00e9 \u00e0 Ajaccio la veille et le jour de l\u2019intervention.<\/em><\/p>\n\n\n\n<p>A votre sortie, une date de consultation post op\u00e9ratoire vous est donn\u00e9e. Le chirurgien v\u00e9rifie alors les cicatrices, vous informe des r\u00e9sultats histologiques et vous informe de la suite des traitements qui ont \u00e9t\u00e9 discut\u00e9 au pr\u00e9alable en R\u00e9union de Concertation Pluridisciplinaire (RCP). Le chirurgien vous remet alors la date de la consultation avec un oncologue ou un radioth\u00e9rapeute. Le chirurgien vous explique \u00e9galement la surveillance ult\u00e9rieure.<\/p>\n\n\n\n<p>Toute douleur anormale, rougeur ou fi\u00e8vre, doit vous alerter. Vous pouvez alors contacter la coordinatrice de parcours ou l\u2019\u00e9quipe qui vous a prise en charge en dehors des horaires d\u2019ouverture de l\u2019ISA.<\/p>\n\n\n\n<hr class=\"wp-block-separator has-alpha-channel-opacity\"\/>\n\n\n\n<div class=\"wp-block-columns alignwide has-text-color has-background is-layout-flex wp-container-core-columns-is-layout-9d6595d7 wp-block-columns-is-layout-flex\" style=\"color:#000000;background-color:#ffffff\">\n<div class=\"wp-block-column is-vertically-aligned-top is-layout-flow wp-block-column-is-layout-flow\">\n<h3 class=\"wp-block-heading has-text-align-center\" style=\"font-size:24px;line-height:1.3\"><strong><a href=\"https:\/\/institutduseinajaccien.com\/index.php\/parcours-de-soin\/diagnostic\/\" data-type=\"page\" data-id=\"33\">Diagnostic \u2197<\/a><\/strong><\/h3>\n\n\n\n<hr class=\"wp-block-separator has-alpha-channel-opacity\"\/>\n\n\n\n<p class=\"has-text-align-center\"><a href=\"https:\/\/institutduseinajaccien.com\/index.php\/parcours-de-soin\/diagnostic\/la-mammographie\/\" data-type=\"page\" data-id=\"254\">La mammographie<\/a><\/p>\n\n\n\n<p class=\"has-text-align-center\"><a href=\"https:\/\/institutduseinajaccien.com\/index.php\/parcours-de-soin\/diagnostic\/lechographie-mammaire\/\" data-type=\"page\" data-id=\"256\">L\u2019\u00e9chographie mammaire<\/a><\/p>\n\n\n\n<p class=\"has-text-align-center\"><a href=\"http:\/\/localhost\/ISA\/parcours-de-soin\/diagnostic\/lirm-mammaire\/\" data-type=\"page\" data-id=\"267\">L\u2019IRM mammaire<\/a><\/p>\n\n\n\n<p class=\"has-text-align-center\"><a href=\"https:\/\/institutduseinajaccien.com\/index.php\/parcours-de-soin\/diagnostic\/la-biopsie-mammaire\/\" data-type=\"page\" data-id=\"271\">La biopsie mammaire<\/a><\/p>\n\n\n\n<p class=\"has-text-align-center\"><a href=\"https:\/\/institutduseinajaccien.com\/index.php\/parcours-de-soin\/diagnostic\/le-bilan-dextension\/\" data-type=\"page\" data-id=\"273\">Le Bilan d\u2019extension<\/a><\/p>\n\n\n\n<p class=\"has-text-align-center\"><a href=\"https:\/\/institutduseinajaccien.com\/index.php\/parcours-de-soin\/diagnostic\/le-bilan-dextension\/\" data-type=\"page\" data-id=\"273\">Le TEP Scanner<\/a><\/p>\n\n\n\n<p class=\"has-text-align-center\"><a href=\"https:\/\/institutduseinajaccien.com\/index.php\/parcours-de-soin\/diagnostic\/le-bilan-dextension\/\" data-type=\"page\" data-id=\"273\">Le Scanner thoraco-abdomino-pelvien<\/a><\/p>\n\n\n\n<p class=\"has-text-align-center\"><a href=\"https:\/\/institutduseinajaccien.com\/index.php\/parcours-de-soin\/diagnostic\/le-bilan-dextension\/\" data-type=\"page\" data-id=\"273\">La scintigraphie osseuse<\/a><\/p>\n<\/div>\n\n\n\n<div class=\"wp-block-column is-layout-flow wp-block-column-is-layout-flow\">\n<h3 class=\"wp-block-heading has-text-align-center\" style=\"font-size:24px;line-height:1.3\"><strong><a href=\"https:\/\/institutduseinajaccien.com\/index.php\/parcours-de-soin\/traitement\/\" data-type=\"page\" data-id=\"123\">Traitement \u2197<\/a><\/strong><\/h3>\n\n\n\n<hr class=\"wp-block-separator has-alpha-channel-opacity\"\/>\n\n\n\n<p class=\"has-text-align-center\"><a href=\"https:\/\/institutduseinajaccien.com\/index.php\/parcours-de-soin\/traitement\/la-detection-du-ganglion-sentinelle\/\" data-type=\"page\" data-id=\"285\">La d\u00e9tection du ganglion sentinelle<\/a><\/p>\n\n\n\n<p class=\"has-text-align-center\"><a href=\"https:\/\/institutduseinajaccien.com\/index.php\/parcours-de-soin\/traitement\/le-reperage-radiologique\/\" data-type=\"page\" data-id=\"290\">Le rep\u00e9rage radiologique<\/a><\/p>\n\n\n\n<p class=\"has-text-align-center\"><a href=\"https:\/\/institutduseinajaccien.com\/index.php\/parcours-de-soin\/traitement\/la-chirurgie\/\" data-type=\"page\" data-id=\"292\">La chirurgie<\/a><\/p>\n\n\n\n<p class=\"has-text-align-center\"><a href=\"https:\/\/institutduseinajaccien.com\/index.php\/parcours-de-soin\/traitement\/les-traitements-medicaux-du-cancer-du-sein\/\" data-type=\"page\" data-id=\"294\">Les traitements m\u00e9dicaux du cancer du sein<\/a><\/p>\n\n\n\n<p class=\"has-text-align-center\"><a href=\"https:\/\/institutduseinajaccien.com\/index.php\/parcours-de-soin\/traitement\/la-chimiotherapie\/\" data-type=\"page\" data-id=\"298\">La chimioth\u00e9rapie<\/a><\/p>\n\n\n\n<p class=\"has-text-align-center\"><a href=\"https:\/\/institutduseinajaccien.com\/index.php\/parcours-de-soin\/traitement\/les-traitements-medicaux-du-cancer-du-sein\/\" data-type=\"page\" data-id=\"294\">L\u2019hormonoth\u00e9rapie<\/a><\/p>\n\n\n\n<p class=\"has-text-align-center\"><a href=\"https:\/\/institutduseinajaccien.com\/index.php\/parcours-de-soin\/traitement\/les-traitements-medicaux-du-cancer-du-sein\/\" data-type=\"page\" data-id=\"294\">Les th\u00e9rapies cibl\u00e9es<\/a><\/p>\n\n\n\n<p class=\"has-text-align-center\"><a href=\"https:\/\/institutduseinajaccien.com\/index.php\/parcours-de-soin\/traitement\/le-suivi-psychologique\/\" data-type=\"page\" data-id=\"309\">Le Suivi Psychologique<\/a><\/p>\n\n\n\n<p class=\"has-text-align-center\"><a href=\"https:\/\/institutduseinajaccien.com\/index.php\/parcours-de-soin\/traitement\/la-kinesitherapie\/\" data-type=\"page\" data-id=\"311\">La kin\u00e9sith\u00e9rapie<\/a><\/p>\n<\/div>\n\n\n\n<div class=\"wp-block-column is-layout-flow wp-block-column-is-layout-flow\">\n<h3 class=\"wp-block-heading has-text-align-center\" style=\"font-size:24px;line-height:1.3\"><strong><a href=\"https:\/\/institutduseinajaccien.com\/index.php\/parcours-de-soin\/soins-de-support\/\" data-type=\"page\" data-id=\"125\">Soins de support \u2197<\/a><\/strong><\/h3>\n\n\n\n<hr class=\"wp-block-separator has-alpha-channel-opacity\"\/>\n\n\n\n<p class=\"has-text-align-center\">Soins de support \u00e0 cr\u00e9er.<\/p>\n<\/div>\n<\/div>\n","protected":false},"excerpt":{"rendered":"<p>La chirurgie est souvent le premier traitement propos\u00e9 quand un cancer du sein est diagnostiqu\u00e9. Elle vise \u00e0 traiter la maladie et \u00e0 conna\u00eetre toutes les caract\u00e9ristiques de la tumeur afin de d\u00e9finir le stade. Elle peut \u00eatre la seule \u00e9tape du traitement, ou associ\u00e9e \u00e0 d\u2019autres traitements&nbsp;: radioth\u00e9rapie, chimioth\u00e9rapie, th\u00e9rapie cibl\u00e9e, hormonoth\u00e9rapie. Le choix [&hellip;]<\/p>\n","protected":false},"author":1,"featured_media":0,"parent":123,"menu_order":0,"comment_status":"closed","ping_status":"closed","template":"","meta":{"footnotes":""},"class_list":["post-292","page","type-page","status-publish","hentry"],"_links":{"self":[{"href":"https:\/\/institutduseinajaccien.com\/index.php\/wp-json\/wp\/v2\/pages\/292","targetHints":{"allow":["GET"]}}],"collection":[{"href":"https:\/\/institutduseinajaccien.com\/index.php\/wp-json\/wp\/v2\/pages"}],"about":[{"href":"https:\/\/institutduseinajaccien.com\/index.php\/wp-json\/wp\/v2\/types\/page"}],"author":[{"embeddable":true,"href":"https:\/\/institutduseinajaccien.com\/index.php\/wp-json\/wp\/v2\/users\/1"}],"replies":[{"embeddable":true,"href":"https:\/\/institutduseinajaccien.com\/index.php\/wp-json\/wp\/v2\/comments?post=292"}],"version-history":[{"count":2,"href":"https:\/\/institutduseinajaccien.com\/index.php\/wp-json\/wp\/v2\/pages\/292\/revisions"}],"predecessor-version":[{"id":596,"href":"https:\/\/institutduseinajaccien.com\/index.php\/wp-json\/wp\/v2\/pages\/292\/revisions\/596"}],"up":[{"embeddable":true,"href":"https:\/\/institutduseinajaccien.com\/index.php\/wp-json\/wp\/v2\/pages\/123"}],"wp:attachment":[{"href":"https:\/\/institutduseinajaccien.com\/index.php\/wp-json\/wp\/v2\/media?parent=292"}],"curies":[{"name":"wp","href":"https:\/\/api.w.org\/{rel}","templated":true}]}}