{"id":285,"date":"2025-09-08T19:36:48","date_gmt":"2025-09-08T17:36:48","guid":{"rendered":"http:\/\/localhost\/ISA\/?page_id=285"},"modified":"2025-09-08T19:36:48","modified_gmt":"2025-09-08T17:36:48","slug":"la-detection-du-ganglion-sentinelle","status":"publish","type":"page","link":"https:\/\/institutduseinajaccien.com\/index.php\/parcours-de-soin\/traitement\/la-detection-du-ganglion-sentinelle\/","title":{"rendered":"La d\u00e9tection du ganglion sentinelle"},"content":{"rendered":"\n<p>Quand une personne a un cancer du sein, les m\u00e9decins doivent savoir si la maladie s\u2019est propag\u00e9e aux ganglions lymphatiques, situ\u00e9s sous le bras (dans l\u2019aisselle).<br>Le ganglion sentinelle est le premier ganglion qui re\u00e7oit la lymphe venant du sein.<\/p>\n\n\n\n<p>S\u2019il est sain, il y a de fortes chances que les autres ganglions le soient aussi.<br>S\u2019il contient des cellules canc\u00e9reuses, cela aide \u00e0 d\u00e9cider des traitements n\u00e9cessaires.<\/p>\n\n\n\n<p><strong>Comment le rep\u00e8re-t-on avant l\u2019op\u00e9ration ?<\/strong><\/p>\n\n\n\n<p>Injection d\u2019un produit rep\u00e8re : on injecte autour de la tumeur ou autour de l\u2019ar\u00e9ole un produit qui se dirige naturellement vers les ganglions.<\/p>\n\n\n\n<p>Selon les besoins, deux produits peuvent \u00eatre utilis\u00e9s, soit l\u2019un, soit les deux&nbsp;:<\/p>\n\n\n\n<ol start=\"1\" class=\"wp-block-list\">\n<li>un traceur faiblement radioactif inject\u00e9 le matin avant l\u2019intervention dans le service de scintigraphie<\/li>\n\n\n\n<li>un colorant bleu inject\u00e9 par le chirurgien lorsque vous dormez, juste avant la chirurgie.<\/li>\n<\/ol>\n\n\n\n<p><strong>Suivi du trajet :<\/strong><\/p>\n\n\n\n<ol start=\"1\" class=\"wp-block-list\">\n<li>Le traceur radioactif est suivi gr\u00e2ce \u00e0 une petite cam\u00e9ra sp\u00e9ciale (sonde de scintigraphie).<\/li>\n\n\n\n<li>Le colorant bleu permet de voir le ganglion color\u00e9 pendant l\u2019op\u00e9ration.<\/li>\n<\/ol>\n\n\n\n<p>Rep\u00e9rage au bloc op\u00e9ratoire : pendant l\u2019intervention, le chirurgien localise un ou quelques ganglions gr\u00e2ce \u00e0 une sonde, et le ou les retire pour les analyser.<\/p>\n\n\n\n<p><strong>Quels avantages ?<\/strong><\/p>\n\n\n\n<p>\u00c9viter de retirer inutilement tous les ganglions de l\u2019aisselle, ce qui limite les risques de complications (douleurs, gonflement du bras appel\u00e9 lymph\u0153d\u00e8me).<\/p>\n\n\n\n<p>Obtenir une information fiable pour adapter le traitement au plus juste.<\/p>\n\n\n\n<p><em>A Ajaccio, le rep\u00e9rage du ganglion sentinelle est r\u00e9alis\u00e9 sur le site de Castelluccio, le matin de l\u2019intervention chirurgicale.<\/em><\/p>\n\n\n\n<hr class=\"wp-block-separator has-alpha-channel-opacity\"\/>\n\n\n\n<div class=\"wp-block-columns alignwide has-text-color has-background is-layout-flex wp-container-core-columns-is-layout-9d6595d7 wp-block-columns-is-layout-flex\" style=\"color:#000000;background-color:#ffffff\">\n<div class=\"wp-block-column is-vertically-aligned-top is-layout-flow wp-block-column-is-layout-flow\">\n<h3 class=\"wp-block-heading has-text-align-center\" style=\"font-size:24px;line-height:1.3\"><strong><a href=\"https:\/\/institutduseinajaccien.com\/index.php\/parcours-de-soin\/diagnostic\/\" data-type=\"page\" data-id=\"33\">Diagnostic \u2197<\/a><\/strong><\/h3>\n\n\n\n<hr class=\"wp-block-separator has-alpha-channel-opacity\"\/>\n\n\n\n<p class=\"has-text-align-center\"><a href=\"https:\/\/institutduseinajaccien.com\/index.php\/parcours-de-soin\/diagnostic\/la-mammographie\/\" data-type=\"page\" data-id=\"254\">La mammographie<\/a><\/p>\n\n\n\n<p class=\"has-text-align-center\"><a href=\"https:\/\/institutduseinajaccien.com\/index.php\/parcours-de-soin\/diagnostic\/lechographie-mammaire\/\" data-type=\"page\" data-id=\"256\">L\u2019\u00e9chographie mammaire<\/a><\/p>\n\n\n\n<p class=\"has-text-align-center\"><a href=\"http:\/\/localhost\/ISA\/parcours-de-soin\/diagnostic\/lirm-mammaire\/\" data-type=\"page\" data-id=\"267\">L\u2019IRM mammaire<\/a><\/p>\n\n\n\n<p class=\"has-text-align-center\"><a href=\"https:\/\/institutduseinajaccien.com\/index.php\/parcours-de-soin\/diagnostic\/la-biopsie-mammaire\/\" data-type=\"page\" data-id=\"271\">La biopsie mammaire<\/a><\/p>\n\n\n\n<p class=\"has-text-align-center\"><a href=\"https:\/\/institutduseinajaccien.com\/index.php\/parcours-de-soin\/diagnostic\/le-bilan-dextension\/\" data-type=\"page\" data-id=\"273\">Le Bilan d\u2019extension<\/a><\/p>\n\n\n\n<p class=\"has-text-align-center\"><a href=\"https:\/\/institutduseinajaccien.com\/index.php\/parcours-de-soin\/diagnostic\/le-bilan-dextension\/\" data-type=\"page\" data-id=\"273\">Le TEP Scanner<\/a><\/p>\n\n\n\n<p class=\"has-text-align-center\"><a href=\"https:\/\/institutduseinajaccien.com\/index.php\/parcours-de-soin\/diagnostic\/le-bilan-dextension\/\" data-type=\"page\" data-id=\"273\">Le Scanner thoraco-abdomino-pelvien<\/a><\/p>\n\n\n\n<p class=\"has-text-align-center\"><a href=\"https:\/\/institutduseinajaccien.com\/index.php\/parcours-de-soin\/diagnostic\/le-bilan-dextension\/\" data-type=\"page\" data-id=\"273\">La scintigraphie osseuse<\/a><\/p>\n<\/div>\n\n\n\n<div class=\"wp-block-column is-layout-flow wp-block-column-is-layout-flow\">\n<h3 class=\"wp-block-heading has-text-align-center\" style=\"font-size:24px;line-height:1.3\"><strong><a href=\"https:\/\/institutduseinajaccien.com\/index.php\/parcours-de-soin\/traitement\/\" data-type=\"page\" data-id=\"123\">Traitement \u2197<\/a><\/strong><\/h3>\n\n\n\n<hr class=\"wp-block-separator has-alpha-channel-opacity\"\/>\n\n\n\n<p class=\"has-text-align-center\"><a href=\"https:\/\/institutduseinajaccien.com\/index.php\/parcours-de-soin\/traitement\/la-detection-du-ganglion-sentinelle\/\" data-type=\"page\" data-id=\"285\">La d\u00e9tection du ganglion sentinelle<\/a><\/p>\n\n\n\n<p class=\"has-text-align-center\"><a href=\"https:\/\/institutduseinajaccien.com\/index.php\/parcours-de-soin\/traitement\/le-reperage-radiologique\/\" data-type=\"page\" data-id=\"290\">Le rep\u00e9rage radiologique<\/a><\/p>\n\n\n\n<p class=\"has-text-align-center\"><a href=\"https:\/\/institutduseinajaccien.com\/index.php\/parcours-de-soin\/traitement\/la-chirurgie\/\" data-type=\"page\" data-id=\"292\">La chirurgie<\/a><\/p>\n\n\n\n<p class=\"has-text-align-center\"><a href=\"https:\/\/institutduseinajaccien.com\/index.php\/parcours-de-soin\/traitement\/les-traitements-medicaux-du-cancer-du-sein\/\" data-type=\"page\" data-id=\"294\">Les traitements m\u00e9dicaux du cancer du sein<\/a><\/p>\n\n\n\n<p class=\"has-text-align-center\"><a href=\"https:\/\/institutduseinajaccien.com\/index.php\/parcours-de-soin\/traitement\/la-chimiotherapie\/\" data-type=\"page\" data-id=\"298\">La chimioth\u00e9rapie<\/a><\/p>\n\n\n\n<p class=\"has-text-align-center\"><a href=\"https:\/\/institutduseinajaccien.com\/index.php\/parcours-de-soin\/traitement\/les-traitements-medicaux-du-cancer-du-sein\/\" data-type=\"page\" data-id=\"294\">L\u2019hormonoth\u00e9rapie<\/a><\/p>\n\n\n\n<p class=\"has-text-align-center\"><a href=\"https:\/\/institutduseinajaccien.com\/index.php\/parcours-de-soin\/traitement\/les-traitements-medicaux-du-cancer-du-sein\/\" data-type=\"page\" data-id=\"294\">Les th\u00e9rapies cibl\u00e9es<\/a><\/p>\n\n\n\n<p class=\"has-text-align-center\"><a href=\"https:\/\/institutduseinajaccien.com\/index.php\/parcours-de-soin\/traitement\/le-suivi-psychologique\/\" data-type=\"page\" data-id=\"309\">Le Suivi Psychologique<\/a><\/p>\n\n\n\n<p class=\"has-text-align-center\"><a href=\"https:\/\/institutduseinajaccien.com\/index.php\/parcours-de-soin\/traitement\/la-kinesitherapie\/\" data-type=\"page\" data-id=\"311\">La kin\u00e9sith\u00e9rapie<\/a><\/p>\n<\/div>\n\n\n\n<div class=\"wp-block-column is-layout-flow wp-block-column-is-layout-flow\">\n<h3 class=\"wp-block-heading has-text-align-center\" style=\"font-size:24px;line-height:1.3\"><strong><a href=\"https:\/\/institutduseinajaccien.com\/index.php\/parcours-de-soin\/soins-de-support\/\" data-type=\"page\" data-id=\"125\">Soins de support \u2197<\/a><\/strong><\/h3>\n\n\n\n<hr class=\"wp-block-separator has-alpha-channel-opacity\"\/>\n\n\n\n<p class=\"has-text-align-center\">Soins de support \u00e0 cr\u00e9er.<\/p>\n<\/div>\n<\/div>\n","protected":false},"excerpt":{"rendered":"<p>Quand une personne a un cancer du sein, les m\u00e9decins doivent savoir si la maladie s\u2019est propag\u00e9e aux ganglions lymphatiques, situ\u00e9s sous le bras (dans l\u2019aisselle).Le ganglion sentinelle est le premier ganglion qui re\u00e7oit la lymphe venant du sein. S\u2019il est sain, il y a de fortes chances que les autres ganglions le soient aussi.S\u2019il [&hellip;]<\/p>\n","protected":false},"author":1,"featured_media":0,"parent":123,"menu_order":0,"comment_status":"closed","ping_status":"closed","template":"","meta":{"footnotes":""},"class_list":["post-285","page","type-page","status-publish","hentry"],"_links":{"self":[{"href":"https:\/\/institutduseinajaccien.com\/index.php\/wp-json\/wp\/v2\/pages\/285","targetHints":{"allow":["GET"]}}],"collection":[{"href":"https:\/\/institutduseinajaccien.com\/index.php\/wp-json\/wp\/v2\/pages"}],"about":[{"href":"https:\/\/institutduseinajaccien.com\/index.php\/wp-json\/wp\/v2\/types\/page"}],"author":[{"embeddable":true,"href":"https:\/\/institutduseinajaccien.com\/index.php\/wp-json\/wp\/v2\/users\/1"}],"replies":[{"embeddable":true,"href":"https:\/\/institutduseinajaccien.com\/index.php\/wp-json\/wp\/v2\/comments?post=285"}],"version-history":[{"count":0,"href":"https:\/\/institutduseinajaccien.com\/index.php\/wp-json\/wp\/v2\/pages\/285\/revisions"}],"up":[{"embeddable":true,"href":"https:\/\/institutduseinajaccien.com\/index.php\/wp-json\/wp\/v2\/pages\/123"}],"wp:attachment":[{"href":"https:\/\/institutduseinajaccien.com\/index.php\/wp-json\/wp\/v2\/media?parent=285"}],"curies":[{"name":"wp","href":"https:\/\/api.w.org\/{rel}","templated":true}]}}