{"id":273,"date":"2025-09-08T19:25:30","date_gmt":"2025-09-08T17:25:30","guid":{"rendered":"http:\/\/localhost\/ISA\/?page_id=273"},"modified":"2025-09-08T19:25:30","modified_gmt":"2025-09-08T17:25:30","slug":"le-bilan-dextension","status":"publish","type":"page","link":"https:\/\/institutduseinajaccien.com\/index.php\/parcours-de-soin\/diagnostic\/le-bilan-dextension\/","title":{"rendered":"Le Bilan d&rsquo;Extension"},"content":{"rendered":"\n<p>Quand un cancer du sein est diagnostiqu\u00e9, les m\u00e9decins peuvent demander un \u201cbilan d\u2019extension \u00e0 distance\u201d. Il n\u2019est pas syst\u00e9matique (selon la taille de la tumeur, l\u2019atteinte ganglionnaire, le type de cancer, et les signes \u00e9ventuels).<\/p>\n\n\n\n<p><strong>Comment \u00e7a se passe ?<\/strong><\/p>\n\n\n\n<ul class=\"wp-block-list\">\n<li>Examen clinique<\/li>\n\n\n\n<li>Bilan sanguin<\/li>\n\n\n\n<li>TEP Scanner (Ou Scanner du thorax, de l\u2019abdomen et du pelvis + Scintigraphie osseuse en cas de difficult\u00e9s d\u2019acc\u00e8s)<\/li>\n<\/ul>\n\n\n\n<div class=\"wp-block-group\"><div class=\"wp-block-group__inner-container is-layout-constrained wp-block-group-is-layout-constrained\">\n<h2 class=\"wp-block-heading\" id=\"TEP-Scanner\">Le TEP Scanner<\/h2>\n\n\n\n<p>Il s\u2019agit d\u2019un examen d\u2019imagerie qui montre l\u2019activit\u00e9 des organes et des cellules. Il n\u00e9cessite une injection d\u2019un produit faiblement radioactif (du glucose marqu\u00e9 au Fluor 18&nbsp;: le FDG). L\u2019irradiation est minime et sans risques d\u2019effets secondaires pour vous et vos proches. Il n\u2019y a ainsi pas d\u2019\u00e9viction de contact apr\u00e8s la r\u00e9alisation de l\u2019examen.<\/p>\n\n\n\n<p>L\u2019examen dure environ 2 heures. A votre arriv\u00e9e, le manipulateur v\u00e9rifie votre glyc\u00e9mie et injecte le produit (FDG), vous devez respecter un repos de 1\/2 heure avant et 1 heure apr\u00e8s l\u2019injection. Vous \u00eates en suite install\u00e9e sur le dos dans une machine qui ressemble \u00e0 un scanner pour l\u2019enregistrement des images qui dure 15 \u00e0 30 minutes.<\/p>\n\n\n\n<p><em>Il n\u2019y a pas de Tep Scanner en Corse \u00e0 l\u2019heure actuelle. Ces examens sont r\u00e9alis\u00e9s sur le<\/em> <em>continent. En cas d\u2019impossibilit\u00e9 de d\u00e9placement, on organisera un Scanner et<\/em> <em>une scintigraphie osseuse.<\/em><\/p>\n\n\n\n<p><em>Une collaboration d\u00e9di\u00e9e est en cours de constitution entre le GCS de M\u00e9decine Nucl\u00e9aire \/<\/em> <em>CHA et le service de M\u00e9decine Nucl\u00e9aire de l\u2019 APHM, Pr David Ta\u00efeb, pour assurer la qualit\u00e9 et la r\u00e9gularit\u00e9 de la prise en charge des patientes.<\/em><\/p>\n<\/div><\/div>\n\n\n\n<div class=\"wp-block-group\"><div class=\"wp-block-group__inner-container is-layout-constrained wp-block-group-is-layout-constrained\">\n<h2 class=\"wp-block-heading\" id=\"Scanner-thoraco-abdomino-pelvien\">Le Scanner thoraco-abdomino-pelvien<\/h2>\n\n\n\n<p>Cet examen radiologique utilise les rayons X. Pour cette indication, il est n\u00e9cessaire de r\u00e9aliser une injection de produit de contraste iod\u00e9 en l\u2019absence d\u2019allergie. Le m\u00e9decin v\u00e9rifie l\u2019absence d\u2019insuffisance r\u00e9nale, auquel cas des mesures particuli\u00e8res sont prises.<\/p>\n\n\n\n<p>Vous \u00eates allong\u00e9e et l\u2019examen dure entre 10 et 20 minutes.<\/p>\n\n\n\n<p><em>A Ajaccio, ces examens sont r\u00e9alis\u00e9s au Centre Hospitalier d\u2019Ajaccio ou \u00e0 l\u2019h\u00f4pital Priv\u00e9 Sud Corse.<\/em><\/p>\n<\/div><\/div>\n\n\n\n<div class=\"wp-block-group\"><div class=\"wp-block-group__inner-container is-layout-constrained wp-block-group-is-layout-constrained\">\n<h2 class=\"wp-block-heading\" id=\"scintigraphie-osseuse\">La scintigraphie osseuse<\/h2>\n\n\n\n<p>La scintigraphie osseuse est un examen d\u2019imagerie m\u00e9dicale qui permet d\u2019analyser les tissus osseux pour s\u2019assurer de l\u2019absence de m\u00e9tastases.<\/p>\n\n\n\n<p>L\u2019examen d\u00e9bute par l\u2019injection intra-veineuse d\u2019un produit faiblement radioactif, puis la r\u00e9alisation des images, 3 heures apr\u00e8s. Vous \u00eates allong\u00e9e sur le dos dans une machine qui ressemble \u00e0 un scanner. L\u2019enregistrement des images dure 25 minutes.<\/p>\n\n\n\n<p>Il est demand\u00e9 de boire au moins 1 litre d\u2019eau apr\u00e8s l\u2019injection du produit pour am\u00e9liorer la qualit\u00e9 des images et acc\u00e9l\u00e9rer ensuite l\u2019\u00e9limination du produit.<\/p>\n\n\n\n<p>L\u2019irradiation est minime et sans risques d\u2019effets secondaires pour vous et vos proches. Il n\u2019y a ainsi pas d\u2019\u00e9viction de contact apr\u00e8s la r\u00e9alisation de l\u2019examen.<\/p>\n\n\n\n<p><em>A Ajaccio, les scintigraphies sont r\u00e9alis\u00e9es sur le site de Castelluccio.<\/em><\/p>\n\n\n\n<hr class=\"wp-block-separator has-alpha-channel-opacity\"\/>\n<\/div><\/div>\n\n\n\n<div class=\"wp-block-columns alignwide has-text-color has-background is-layout-flex wp-container-core-columns-is-layout-9d6595d7 wp-block-columns-is-layout-flex\" style=\"color:#000000;background-color:#ffffff\">\n<div class=\"wp-block-column is-vertically-aligned-top is-layout-flow wp-block-column-is-layout-flow\">\n<h3 class=\"wp-block-heading has-text-align-center\" style=\"font-size:24px;line-height:1.3\"><strong><a href=\"https:\/\/institutduseinajaccien.com\/index.php\/parcours-de-soin\/diagnostic\/\" data-type=\"page\" data-id=\"33\">Diagnostic \u2197<\/a><\/strong><\/h3>\n\n\n\n<hr class=\"wp-block-separator has-alpha-channel-opacity\"\/>\n\n\n\n<p class=\"has-text-align-center\"><a href=\"https:\/\/institutduseinajaccien.com\/index.php\/parcours-de-soin\/diagnostic\/la-mammographie\/\" data-type=\"page\" data-id=\"254\">La mammographie<\/a><\/p>\n\n\n\n<p class=\"has-text-align-center\"><a href=\"https:\/\/institutduseinajaccien.com\/index.php\/parcours-de-soin\/diagnostic\/lechographie-mammaire\/\" data-type=\"page\" data-id=\"256\">L\u2019\u00e9chographie mammaire<\/a><\/p>\n\n\n\n<p class=\"has-text-align-center\"><a href=\"http:\/\/localhost\/ISA\/parcours-de-soin\/diagnostic\/lirm-mammaire\/\" data-type=\"page\" data-id=\"267\">L\u2019IRM mammaire<\/a><\/p>\n\n\n\n<p class=\"has-text-align-center\"><a href=\"https:\/\/institutduseinajaccien.com\/index.php\/parcours-de-soin\/diagnostic\/la-biopsie-mammaire\/\" data-type=\"page\" data-id=\"271\">La biopsie mammaire<\/a><\/p>\n\n\n\n<p class=\"has-text-align-center\"><a href=\"https:\/\/institutduseinajaccien.com\/index.php\/parcours-de-soin\/diagnostic\/le-bilan-dextension\/\" data-type=\"page\" data-id=\"273\">Le Bilan d\u2019extension<\/a><\/p>\n\n\n\n<p class=\"has-text-align-center\"><a href=\"https:\/\/institutduseinajaccien.com\/index.php\/parcours-de-soin\/diagnostic\/le-bilan-dextension\/\" data-type=\"page\" data-id=\"273\">Le TEP Scanner<\/a><\/p>\n\n\n\n<p class=\"has-text-align-center\"><a href=\"https:\/\/institutduseinajaccien.com\/index.php\/parcours-de-soin\/diagnostic\/le-bilan-dextension\/\" data-type=\"page\" data-id=\"273\">Le Scanner thoraco-abdomino-pelvien<\/a><\/p>\n\n\n\n<p class=\"has-text-align-center\"><a href=\"https:\/\/institutduseinajaccien.com\/index.php\/parcours-de-soin\/diagnostic\/le-bilan-dextension\/\" data-type=\"page\" data-id=\"273\">La scintigraphie osseuse<\/a><\/p>\n<\/div>\n\n\n\n<div class=\"wp-block-column is-layout-flow wp-block-column-is-layout-flow\">\n<h3 class=\"wp-block-heading has-text-align-center\" style=\"font-size:24px;line-height:1.3\"><strong><a href=\"https:\/\/institutduseinajaccien.com\/index.php\/parcours-de-soin\/traitement\/\" data-type=\"page\" data-id=\"123\">Traitement \u2197<\/a><\/strong><\/h3>\n\n\n\n<hr class=\"wp-block-separator has-alpha-channel-opacity\"\/>\n\n\n\n<p class=\"has-text-align-center\"><a href=\"https:\/\/institutduseinajaccien.com\/index.php\/parcours-de-soin\/traitement\/la-detection-du-ganglion-sentinelle\/\" data-type=\"page\" data-id=\"285\">La d\u00e9tection du ganglion sentinelle<\/a><\/p>\n\n\n\n<p class=\"has-text-align-center\"><a href=\"https:\/\/institutduseinajaccien.com\/index.php\/parcours-de-soin\/traitement\/le-reperage-radiologique\/\" data-type=\"page\" data-id=\"290\">Le rep\u00e9rage radiologique<\/a><\/p>\n\n\n\n<p class=\"has-text-align-center\"><a href=\"https:\/\/institutduseinajaccien.com\/index.php\/parcours-de-soin\/traitement\/la-chirurgie\/\" data-type=\"page\" data-id=\"292\">La chirurgie<\/a><\/p>\n\n\n\n<p class=\"has-text-align-center\"><a href=\"https:\/\/institutduseinajaccien.com\/index.php\/parcours-de-soin\/traitement\/les-traitements-medicaux-du-cancer-du-sein\/\" data-type=\"page\" data-id=\"294\">Les traitements m\u00e9dicaux du cancer du sein<\/a><\/p>\n\n\n\n<p class=\"has-text-align-center\"><a href=\"https:\/\/institutduseinajaccien.com\/index.php\/parcours-de-soin\/traitement\/la-chimiotherapie\/\" data-type=\"page\" data-id=\"298\">La chimioth\u00e9rapie<\/a><\/p>\n\n\n\n<p class=\"has-text-align-center\"><a href=\"https:\/\/institutduseinajaccien.com\/index.php\/parcours-de-soin\/traitement\/les-traitements-medicaux-du-cancer-du-sein\/\" data-type=\"page\" data-id=\"294\">L\u2019hormonoth\u00e9rapie<\/a><\/p>\n\n\n\n<p class=\"has-text-align-center\"><a href=\"https:\/\/institutduseinajaccien.com\/index.php\/parcours-de-soin\/traitement\/les-traitements-medicaux-du-cancer-du-sein\/\" data-type=\"page\" data-id=\"294\">Les th\u00e9rapies cibl\u00e9es<\/a><\/p>\n\n\n\n<p class=\"has-text-align-center\"><a href=\"https:\/\/institutduseinajaccien.com\/index.php\/parcours-de-soin\/traitement\/le-suivi-psychologique\/\" data-type=\"page\" data-id=\"309\">Le Suivi Psychologique<\/a><\/p>\n\n\n\n<p class=\"has-text-align-center\"><a href=\"https:\/\/institutduseinajaccien.com\/index.php\/parcours-de-soin\/traitement\/la-kinesitherapie\/\" data-type=\"page\" data-id=\"311\">La kin\u00e9sith\u00e9rapie<\/a><\/p>\n<\/div>\n\n\n\n<div class=\"wp-block-column is-layout-flow wp-block-column-is-layout-flow\">\n<h3 class=\"wp-block-heading has-text-align-center\" style=\"font-size:24px;line-height:1.3\"><strong><a href=\"https:\/\/institutduseinajaccien.com\/index.php\/parcours-de-soin\/soins-de-support\/\" data-type=\"page\" data-id=\"125\">Soins de support \u2197<\/a><\/strong><\/h3>\n\n\n\n<hr class=\"wp-block-separator has-alpha-channel-opacity\"\/>\n\n\n\n<p class=\"has-text-align-center\">Soins de support \u00e0 cr\u00e9er.<\/p>\n<\/div>\n<\/div>\n","protected":false},"excerpt":{"rendered":"<p>Quand un cancer du sein est diagnostiqu\u00e9, les m\u00e9decins peuvent demander un \u201cbilan d\u2019extension \u00e0 distance\u201d. Il n\u2019est pas syst\u00e9matique (selon la taille de la tumeur, l\u2019atteinte ganglionnaire, le type de cancer, et les signes \u00e9ventuels). Comment \u00e7a se passe ? Le TEP Scanner Il s\u2019agit d\u2019un examen d\u2019imagerie qui montre l\u2019activit\u00e9 des organes et [&hellip;]<\/p>\n","protected":false},"author":1,"featured_media":0,"parent":33,"menu_order":0,"comment_status":"closed","ping_status":"closed","template":"","meta":{"footnotes":""},"class_list":["post-273","page","type-page","status-publish","hentry"],"_links":{"self":[{"href":"https:\/\/institutduseinajaccien.com\/index.php\/wp-json\/wp\/v2\/pages\/273","targetHints":{"allow":["GET"]}}],"collection":[{"href":"https:\/\/institutduseinajaccien.com\/index.php\/wp-json\/wp\/v2\/pages"}],"about":[{"href":"https:\/\/institutduseinajaccien.com\/index.php\/wp-json\/wp\/v2\/types\/page"}],"author":[{"embeddable":true,"href":"https:\/\/institutduseinajaccien.com\/index.php\/wp-json\/wp\/v2\/users\/1"}],"replies":[{"embeddable":true,"href":"https:\/\/institutduseinajaccien.com\/index.php\/wp-json\/wp\/v2\/comments?post=273"}],"version-history":[{"count":0,"href":"https:\/\/institutduseinajaccien.com\/index.php\/wp-json\/wp\/v2\/pages\/273\/revisions"}],"up":[{"embeddable":true,"href":"https:\/\/institutduseinajaccien.com\/index.php\/wp-json\/wp\/v2\/pages\/33"}],"wp:attachment":[{"href":"https:\/\/institutduseinajaccien.com\/index.php\/wp-json\/wp\/v2\/media?parent=273"}],"curies":[{"name":"wp","href":"https:\/\/api.w.org\/{rel}","templated":true}]}}