{"id":125,"date":"2025-08-26T13:41:42","date_gmt":"2025-08-26T11:41:42","guid":{"rendered":"http:\/\/localhost\/ISA\/?page_id=125"},"modified":"2025-09-15T10:12:13","modified_gmt":"2025-09-15T10:12:13","slug":"soins-de-support","status":"publish","type":"page","link":"https:\/\/institutduseinajaccien.com\/index.php\/parcours-de-soin\/soins-de-support\/","title":{"rendered":"Soins de support"},"content":{"rendered":"\n<p>Le diagnostic de cancer du sein et les diff\u00e9rents traitements peuvent entrainer des difficult\u00e9s chez les patientes ou leur entourage\u00a0: douleurs, difficult\u00e9s d\u2019alimentation, manque d\u2019activit\u00e9s physiques, anxi\u00e9t\u00e9, troubles du sommeil, isolement social, perte de l\u2019estime de soi, difficult\u00e9s sexuelles, etc.<\/p>\n\n\n\n<p>Les soins de support en canc\u00e9rologie d\u00e9signent l\u2019ensemble des soins et accompagnements compl\u00e9mentaires aux traitements sp\u00e9cifiques du cancer. Ils visent \u00e0 assurer la meilleure qualit\u00e9 de vie possible aux patientes et \u00e0 leurs proches, tout au long du parcours de soins.<\/p>\n\n\n\n<p>Vous pouvez choisir de b\u00e9n\u00e9ficier ou non de ces accompagnements\u00a0; psychologue, nutritionniste, m\u00e9decin de la douleur, acupuncteur, hypnoth\u00e9rapeute, sexologue, assistante sociale, socio-esth\u00e9ticienne.<\/p>\n\n\n\n<p>Propos\u00e9s d\u00e8s l\u2019annonce du diagnostic et poursuivis apr\u00e8s les traitements, ils constituent un volet essentiel et int\u00e9gr\u00e9 de la prise en charge globale des patientes atteintes de cancer du sein.<\/p>\n\n\n\n<p><em>A l\u2019ISA, la coordinatrice de parcours, en concertation avec les professionnels m\u00e9dicaux, oriente les patientes et leur proche en fonction des besoins identifi\u00e9s.<\/em><\/p>\n\n\n\n<p><\/p>\n","protected":false},"excerpt":{"rendered":"<p>Le diagnostic de cancer du sein et les diff\u00e9rents traitements peuvent entrainer des difficult\u00e9s chez les patientes ou leur entourage\u00a0: douleurs, difficult\u00e9s d\u2019alimentation, manque d\u2019activit\u00e9s physiques, anxi\u00e9t\u00e9, troubles du sommeil, isolement social, perte de l\u2019estime de soi, difficult\u00e9s sexuelles, etc. Les soins de support en canc\u00e9rologie d\u00e9signent l\u2019ensemble des soins et accompagnements compl\u00e9mentaires aux traitements [&hellip;]<\/p>\n","protected":false},"author":1,"featured_media":0,"parent":31,"menu_order":0,"comment_status":"closed","ping_status":"closed","template":"","meta":{"footnotes":""},"class_list":["post-125","page","type-page","status-publish","hentry"],"_links":{"self":[{"href":"https:\/\/institutduseinajaccien.com\/index.php\/wp-json\/wp\/v2\/pages\/125","targetHints":{"allow":["GET"]}}],"collection":[{"href":"https:\/\/institutduseinajaccien.com\/index.php\/wp-json\/wp\/v2\/pages"}],"about":[{"href":"https:\/\/institutduseinajaccien.com\/index.php\/wp-json\/wp\/v2\/types\/page"}],"author":[{"embeddable":true,"href":"https:\/\/institutduseinajaccien.com\/index.php\/wp-json\/wp\/v2\/users\/1"}],"replies":[{"embeddable":true,"href":"https:\/\/institutduseinajaccien.com\/index.php\/wp-json\/wp\/v2\/comments?post=125"}],"version-history":[{"count":1,"href":"https:\/\/institutduseinajaccien.com\/index.php\/wp-json\/wp\/v2\/pages\/125\/revisions"}],"predecessor-version":[{"id":526,"href":"https:\/\/institutduseinajaccien.com\/index.php\/wp-json\/wp\/v2\/pages\/125\/revisions\/526"}],"up":[{"embeddable":true,"href":"https:\/\/institutduseinajaccien.com\/index.php\/wp-json\/wp\/v2\/pages\/31"}],"wp:attachment":[{"href":"https:\/\/institutduseinajaccien.com\/index.php\/wp-json\/wp\/v2\/media?parent=125"}],"curies":[{"name":"wp","href":"https:\/\/api.w.org\/{rel}","templated":true}]}}